{"id":1414,"date":"2022-07-21T14:40:17","date_gmt":"2022-07-21T14:40:17","guid":{"rendered":"https:\/\/jobnord.fi\/?page_id=1414"},"modified":"2026-02-04T11:17:01","modified_gmt":"2026-02-04T09:17:01","slug":"job-offers","status":"publish","type":"page","link":"https:\/\/jobnord.fi\/fi\/job-offers\/","title":{"rendered":"Avoimet ty\u00f6paikat"},"content":{"rendered":"\t\t<div data-elementor-type=\"wp-post\" data-elementor-id=\"1414\" class=\"elementor elementor-1414\">\n\t\t\t\t\t\t<section class=\"elementor-section elementor-top-section elementor-element elementor-element-3c1849c2 elementor-section-height-min-height elementor-section-content-middle elementor-section-boxed elementor-section-height-default elementor-section-items-middle\" data-id=\"3c1849c2\" data-element_type=\"section\" data-e-type=\"section\" data-settings=\"{&quot;background_background&quot;:&quot;classic&quot;,&quot;shape_divider_bottom&quot;:&quot;triangle&quot;}\">\n\t\t\t\t\t\t\t<div class=\"elementor-background-overlay\"><\/div>\n\t\t\t\t\t\t<div class=\"elementor-shape elementor-shape-bottom\" aria-hidden=\"true\" data-negative=\"false\">\n\t\t\t<svg xmlns=\"http:\/\/www.w3.org\/2000\/svg\" viewBox=\"0 0 1000 100\" preserveAspectRatio=\"none\">\n\t<path class=\"elementor-shape-fill\" d=\"M500,98.9L0,6.1V0h1000v6.1L500,98.9z\"\/>\n<\/svg>\t\t<\/div>\n\t\t\t\t\t<div class=\"elementor-container elementor-column-gap-extended\">\n\t\t\t\t\t<div class=\"elementor-column elementor-col-100 elementor-top-column elementor-element elementor-element-39393098\" data-id=\"39393098\" data-element_type=\"column\" data-e-type=\"column\">\n\t\t\t<div class=\"elementor-widget-wrap elementor-element-populated\">\n\t\t\t\t\t\t<div class=\"elementor-element elementor-element-2e7e6ff7 elementor-invisible elementor-widget elementor-widget-heading\" data-id=\"2e7e6ff7\" data-element_type=\"widget\" data-e-type=\"widget\" data-settings=\"{&quot;_animation&quot;:&quot;fadeInUp&quot;,&quot;_animation_delay&quot;:200}\" data-widget_type=\"heading.default\">\n\t\t\t\t<div class=\"elementor-widget-container\">\n\t\t\t\t\t<h1 class=\"elementor-heading-title elementor-size-default\">Job offers<\/h1>\t\t\t\t<\/div>\n\t\t\t\t<\/div>\n\t\t\t\t\t<\/div>\n\t\t<\/div>\n\t\t\t\t\t<\/div>\n\t\t<\/section>\n\t\t<div class=\"elementor-element elementor-element-71fe97e e-flex e-con-boxed e-con e-parent\" data-id=\"71fe97e\" data-element_type=\"container\" data-e-type=\"container\">\n\t\t\t\t\t<div class=\"e-con-inner\">\n\t\t\t\t<div class=\"elementor-element elementor-element-e9a0735 elementor-widget elementor-widget-text-editor\" data-id=\"e9a0735\" data-element_type=\"widget\" data-e-type=\"widget\" data-widget_type=\"text-editor.default\">\n\t\t\t\t<div class=\"elementor-widget-container\">\n\t\t\t\t\t\t\t\t\t<article class=\"text-token-text-primary w-full focus:outline-none scroll-mt-[calc(var(--header-height)+min(200px,max(70px,20svh)))]\" dir=\"auto\" tabindex=\"-1\" data-turn-id=\"request-WEB:3ae58f5c-7776-4319-84bf-c5df01db1482-9\" data-testid=\"conversation-turn-12\" data-scroll-anchor=\"true\" data-turn=\"assistant\"><div class=\"text-base my-auto mx-auto pb-10 [--thread-content-margin:--spacing(4)] thread-sm:[--thread-content-margin:--spacing(6)] thread-lg:[--thread-content-margin:--spacing(16)] px-(--thread-content-margin)\"><div class=\"[--thread-content-max-width:40rem] thread-lg:[--thread-content-max-width:48rem] mx-auto max-w-(--thread-content-max-width) flex-1 group\/turn-messages focus-visible:outline-hidden relative flex w-full min-w-0 flex-col agent-turn\" tabindex=\"-1\"><div class=\"flex max-w-full flex-col grow\"><div class=\"min-h-8 text-message relative flex w-full flex-col items-end gap-2 text-start break-words whitespace-normal [.text-message+&amp;]:mt-5\" dir=\"auto\" data-message-author-role=\"assistant\" data-message-id=\"b0e8098e-ade8-4e9f-8707-aa703488a77c\" data-message-model-slug=\"gpt-5-mini\"><div class=\"flex w-full flex-col gap-1 empty:hidden first:pt-[1px]\"><div class=\"markdown prose dark:prose-invert w-full break-words dark markdown-new-styling\"><h3 data-start=\"0\" data-end=\"44\">All our open positions can be found below.<\/h3><p data-start=\"46\" data-end=\"118\">Click on a position you\u2019re interested in to read more about the role.<\/p><p data-start=\"120\" data-end=\"205\" data-is-last-node=\"\" data-is-only-node=\"\"><em>Please submit your application easily through the position-specific application link!<\/em><\/p><\/div><\/div><\/div><\/div><\/div><\/div><\/article>\t\t\t\t\t\t\t\t<\/div>\n\t\t\t\t<\/div>\n\t\t\t\t<div class=\"elementor-element elementor-element-9961b3e elementor-widget elementor-widget-spacer\" data-id=\"9961b3e\" data-element_type=\"widget\" data-e-type=\"widget\" data-widget_type=\"spacer.default\">\n\t\t\t\t<div class=\"elementor-widget-container\">\n\t\t\t\t\t\t\t<div class=\"elementor-spacer\">\n\t\t\t<div class=\"elementor-spacer-inner\"><\/div>\n\t\t<\/div>\n\t\t\t\t\t\t<\/div>\n\t\t\t\t<\/div>\n\t\t\t\t\t<\/div>\n\t\t\t\t<\/div>\n\t\t<div class=\"elementor-element elementor-element-daf45f3 e-flex e-con-boxed e-con e-parent\" data-id=\"daf45f3\" data-element_type=\"container\" data-e-type=\"container\">\n\t\t\t\t\t<div class=\"e-con-inner\">\n\t\t\t\t<div class=\"elementor-element elementor-element-91565e0 elementor-widget elementor-widget-text-editor\" data-id=\"91565e0\" data-element_type=\"widget\" data-e-type=\"widget\" data-widget_type=\"text-editor.default\">\n\t\t\t\t<div class=\"elementor-widget-container\">\n\t\t\t\t\t\t\t\t\t<p><!-- x-hugerte\/html --><em><strong data-start=\"1300\" data-end=\"1311\">JobNord<\/strong> is a staffing services expert offering comprehensive temporary staffing and direct recruitment solutions across Finland. <\/em><\/p><p><em>Our operations are built on in-depth industry knowledge, advanced digital tools, and a people-centered, responsible service culture. Our goal is to provide both clients and employees with outstanding service based on expertise and customized solutions tailored to every need.<\/em><\/p>\t\t\t\t\t\t\t\t<\/div>\n\t\t\t\t<\/div>\n\t\t\t\t<div class=\"elementor-element elementor-element-07bf04f elementor-widget-divider--view-line elementor-widget elementor-widget-divider\" data-id=\"07bf04f\" data-element_type=\"widget\" data-e-type=\"widget\" data-widget_type=\"divider.default\">\n\t\t\t\t<div class=\"elementor-widget-container\">\n\t\t\t\t\t\t\t<div class=\"elementor-divider\">\n\t\t\t<span class=\"elementor-divider-separator\">\n\t\t\t\t\t\t<\/span>\n\t\t<\/div>\n\t\t\t\t\t\t<\/div>\n\t\t\t\t<\/div>\n\t\t\t\t<div class=\"elementor-element elementor-element-d5ec641 elementor-widget elementor-widget-spacer\" data-id=\"d5ec641\" data-element_type=\"widget\" data-e-type=\"widget\" data-widget_type=\"spacer.default\">\n\t\t\t\t<div class=\"elementor-widget-container\">\n\t\t\t\t\t\t\t<div class=\"elementor-spacer\">\n\t\t\t<div class=\"elementor-spacer-inner\"><\/div>\n\t\t<\/div>\n\t\t\t\t\t\t<\/div>\n\t\t\t\t<\/div>\n\t\t\t\t\t<\/div>\n\t\t\t\t<\/div>\n\t\t<div class=\"elementor-element elementor-element-e843289 e-flex e-con-boxed e-con e-parent\" data-id=\"e843289\" data-element_type=\"container\" data-e-type=\"container\">\n\t\t\t\t\t<div class=\"e-con-inner\">\n\t\t\t\t<div class=\"elementor-element elementor-element-7dccce2 elementor-widget elementor-widget-jobs-widget\" data-id=\"7dccce2\" data-element_type=\"widget\" data-e-type=\"widget\" data-widget_type=\"jobs-widget.default\">\n\t\t\t\t<div class=\"elementor-widget-container\">\n\t\t\t\t\t<br \/>\n<b>Warning<\/b>:  Undefined variable $id in <b>\/data01\/virt111293\/domeenid\/www.jobnord.fi\/htdocs\/wp-content\/themes\/astra-child\/widgets\/helper.php<\/b> on line <b>189<\/b><br \/>\n<br \/>\n<b>Warning<\/b>:  foreach() argument must be of type array|object, string given in <b>\/data01\/virt111293\/domeenid\/www.jobnord.fi\/htdocs\/wp-content\/themes\/astra-child\/widgets\/jobs-widget.php<\/b> on line <b>138<\/b><br \/>\n<div class=\"premium-blog-wrap premium-blog-even jobs-list\"><\/div>\t\t\t\t<\/div>\n\t\t\t\t<\/div>\n\t\t\t\t<div class=\"elementor-element elementor-element-54a0d3b elementor-widget elementor-widget-spacer\" data-id=\"54a0d3b\" data-element_type=\"widget\" data-e-type=\"widget\" data-widget_type=\"spacer.default\">\n\t\t\t\t<div class=\"elementor-widget-container\">\n\t\t\t\t\t\t\t<div class=\"elementor-spacer\">\n\t\t\t<div class=\"elementor-spacer-inner\"><\/div>\n\t\t<\/div>\n\t\t\t\t\t\t<\/div>\n\t\t\t\t<\/div>\n\t\t\t\t\t<\/div>\n\t\t\t\t<\/div>\n\t\t\t\t<section class=\"elementor-section elementor-top-section elementor-element elementor-element-5c6100c elementor-section-boxed elementor-section-height-default elementor-section-height-default\" data-id=\"5c6100c\" data-element_type=\"section\" data-e-type=\"section\">\n\t\t\t\t\t\t<div class=\"elementor-container elementor-column-gap-default\">\n\t\t\t\t\t<div class=\"elementor-column elementor-col-100 elementor-top-column elementor-element elementor-element-2e1362b\" data-id=\"2e1362b\" data-element_type=\"column\" data-e-type=\"column\">\n\t\t\t<div class=\"elementor-widget-wrap elementor-element-populated\">\n\t\t\t\t\t\t<div class=\"elementor-element elementor-element-b876057 elementor-widget elementor-widget-heading\" data-id=\"b876057\" data-element_type=\"widget\" data-e-type=\"widget\" data-widget_type=\"heading.default\">\n\t\t\t\t<div class=\"elementor-widget-container\">\n\t\t\t\t\t<h3 class=\"elementor-heading-title elementor-size-default\">Are you looking for job offers in Norway?<\/h3>\t\t\t\t<\/div>\n\t\t\t\t<\/div>\n\t\t\t\t<div class=\"elementor-element elementor-element-1478bef elementor-widget elementor-widget-text-editor\" data-id=\"1478bef\" data-element_type=\"widget\" data-e-type=\"widget\" data-widget_type=\"text-editor.default\">\n\t\t\t\t<div class=\"elementor-widget-container\">\n\t\t\t\t\t\t\t\t\t<p style=\"text-align: center;\">We have a variety of exciting positions waiting for you, so be sure to check out our Norway job offers to stay updated.<\/p>\t\t\t\t\t\t\t\t<\/div>\n\t\t\t\t<\/div>\n\t\t\t\t\t<\/div>\n\t\t<\/div>\n\t\t\t\t\t<\/div>\n\t\t<\/section>\n\t\t\t\t<section class=\"elementor-section elementor-top-section elementor-element elementor-element-f77e6ec elementor-section-boxed elementor-section-height-default elementor-section-height-default\" data-id=\"f77e6ec\" data-element_type=\"section\" data-e-type=\"section\">\n\t\t\t\t\t\t<div class=\"elementor-container elementor-column-gap-default\">\n\t\t\t\t\t<div class=\"elementor-column elementor-col-100 elementor-top-column elementor-element elementor-element-73ee847\" data-id=\"73ee847\" data-element_type=\"column\" data-e-type=\"column\">\n\t\t\t<div class=\"elementor-widget-wrap elementor-element-populated\">\n\t\t\t\t\t\t<div class=\"elementor-element elementor-element-572991d elementor-align-center elementor-widget elementor-widget-button\" data-id=\"572991d\" data-element_type=\"widget\" data-e-type=\"widget\" data-widget_type=\"button.default\">\n\t\t\t\t<div class=\"elementor-widget-container\">\n\t\t\t\t\t\t\t\t\t<div class=\"elementor-button-wrapper\">\n\t\t\t\t\t<a class=\"elementor-button elementor-button-link elementor-size-sm\" href=\"https:\/\/jobnorway.no\/job-offers\/\">\n\t\t\t\t\t\t<span class=\"elementor-button-content-wrapper\">\n\t\t\t\t\t\t\t\t\t<span class=\"elementor-button-text\">Check Jobnorway Job offers<\/span>\n\t\t\t\t\t<\/span>\n\t\t\t\t\t<\/a>\n\t\t\t\t<\/div>\n\t\t\t\t\t\t\t\t<\/div>\n\t\t\t\t<\/div>\n\t\t\t\t\t<\/div>\n\t\t<\/div>\n\t\t\t\t\t<\/div>\n\t\t<\/section>\n\t\t\t\t<section class=\"elementor-section elementor-top-section elementor-element elementor-element-fae0894 elementor-section-boxed elementor-section-height-default elementor-section-height-default\" data-id=\"fae0894\" data-element_type=\"section\" data-e-type=\"section\">\n\t\t\t\t\t\t<div class=\"elementor-container elementor-column-gap-default\">\n\t\t\t\t\t<div class=\"elementor-column elementor-col-100 elementor-top-column elementor-element elementor-element-9d950ef\" data-id=\"9d950ef\" data-element_type=\"column\" data-e-type=\"column\">\n\t\t\t<div class=\"elementor-widget-wrap elementor-element-populated\">\n\t\t\t\t\t\t<div class=\"elementor-element elementor-element-4ac8119 elementor-widget elementor-widget-spacer\" data-id=\"4ac8119\" data-element_type=\"widget\" data-e-type=\"widget\" data-widget_type=\"spacer.default\">\n\t\t\t\t<div class=\"elementor-widget-container\">\n\t\t\t\t\t\t\t<div class=\"elementor-spacer\">\n\t\t\t<div class=\"elementor-spacer-inner\"><\/div>\n\t\t<\/div>\n\t\t\t\t\t\t<\/div>\n\t\t\t\t<\/div>\n\t\t\t\t\t<\/div>\n\t\t<\/div>\n\t\t\t\t\t<\/div>\n\t\t<\/section>\n\t\t<div class=\"elementor-element elementor-element-bddf47f e-flex e-con-boxed e-con e-parent\" data-id=\"bddf47f\" data-element_type=\"container\" data-e-type=\"container\">\n\t\t\t\t\t<div class=\"e-con-inner\">\n\t\t\t\t<div class=\"elementor-element elementor-element-cf66c7b elementor-widget elementor-widget-spacer\" data-id=\"cf66c7b\" data-element_type=\"widget\" data-e-type=\"widget\" data-widget_type=\"spacer.default\">\n\t\t\t\t<div class=\"elementor-widget-container\">\n\t\t\t\t\t\t\t<div class=\"elementor-spacer\">\n\t\t\t<div class=\"elementor-spacer-inner\"><\/div>\n\t\t<\/div>\n\t\t\t\t\t\t<\/div>\n\t\t\t\t<\/div>\n\t\t\t\t\t<\/div>\n\t\t\t\t<\/div>\n\t\t\t\t<\/div>\n\t\t","protected":false},"excerpt":{"rendered":"<p>Job offers All our open positions can be found below. Click on a position you\u2019re interested in to read more about the role. Please submit your application easily through the position-specific application link! JobNord is a staffing services expert offering comprehensive temporary staffing and direct recruitment solutions across Finland. Our operations are built on in-depth [&hellip;]<\/p>\n","protected":false},"author":1,"featured_media":0,"parent":0,"menu_order":4,"comment_status":"closed","ping_status":"closed","template":"template-jobs.php","meta":{"_monsterinsights_skip_tracking":false,"_monsterinsights_sitenote_active":false,"_monsterinsights_sitenote_note":"","_monsterinsights_sitenote_category":0,"site-sidebar-layout":"no-sidebar","site-content-layout":"page-builder","ast-site-content-layout":"full-width-container","site-content-style":"unboxed","site-sidebar-style":"unboxed","ast-global-header-display":"","ast-banner-title-visibility":"","ast-main-header-display":"","ast-hfb-above-header-display":"","ast-hfb-below-header-display":"","ast-hfb-mobile-header-display":"","site-post-title":"","ast-breadcrumbs-content":"","ast-featured-img":"","footer-sml-layout":"","ast-disable-related-posts":"","theme-transparent-header-meta":"","adv-header-id-meta":"","stick-header-meta":"","header-above-stick-meta":"","header-main-stick-meta":"","header-below-stick-meta":"","astra-migrate-meta-layouts":"set","ast-page-background-enabled":"default","ast-page-background-meta":{"desktop":{"background-color":"","background-image":"","background-repeat":"repeat","background-position":"center center","background-size":"auto","background-attachment":"scroll","background-type":"","background-media":"","overlay-type":"","overlay-color":"","overlay-opacity":"","overlay-gradient":""},"tablet":{"background-color":"","background-image":"","background-repeat":"repeat","background-position":"center center","background-size":"auto","background-attachment":"scroll","background-type":"","background-media":"","overlay-type":"","overlay-color":"","overlay-opacity":"","overlay-gradient":""},"mobile":{"background-color":"","background-image":"","background-repeat":"repeat","background-position":"center center","background-size":"auto","background-attachment":"scroll","background-type":"","background-media":"","overlay-type":"","overlay-color":"","overlay-opacity":"","overlay-gradient":""}},"ast-content-background-meta":{"desktop":{"background-color":"var(--ast-global-color-5)","background-image":"","background-repeat":"repeat","background-position":"center center","background-size":"auto","background-attachment":"scroll","background-type":"","background-media":"","overlay-type":"","overlay-color":"","overlay-opacity":"","overlay-gradient":""},"tablet":{"background-color":"var(--ast-global-color-5)","background-image":"","background-repeat":"repeat","background-position":"center center","background-size":"auto","background-attachment":"scroll","background-type":"","background-media":"","overlay-type":"","overlay-color":"","overlay-opacity":"","overlay-gradient":""},"mobile":{"background-color":"var(--ast-global-color-5)","background-image":"","background-repeat":"repeat","background-position":"center center","background-size":"auto","background-attachment":"scroll","background-type":"","background-media":"","overlay-type":"","overlay-color":"","overlay-opacity":"","overlay-gradient":""}},"footnotes":""},"class_list":["post-1414","page","type-page","status-publish","hentry"],"yoast_head":"<!-- This site is optimized with the Yoast SEO plugin v27.4 - https:\/\/yoast.com\/product\/yoast-seo-wordpress\/ -->\n<title>Job Offers - JobNord<\/title>\n<meta name=\"description\" content=\"JobNord is a recruitment company that matches people\u2019s skills, ambitions, and personalities with the right company.\" \/>\n<meta name=\"robots\" content=\"index, follow, max-snippet:-1, max-image-preview:large, max-video-preview:-1\" \/>\n<link rel=\"canonical\" href=\"https:\/\/jobnord.fi\/fi\/job-offers\/\" \/>\n<meta property=\"og:locale\" content=\"fi_FI\" \/>\n<meta property=\"og:type\" content=\"article\" \/>\n<meta property=\"og:title\" content=\"Job offers - JobNord\" \/>\n<meta property=\"og:description\" content=\"Our latest job offers in Finland\u2026\" \/>\n<meta property=\"og:url\" content=\"https:\/\/jobnord.fi\/fi\/job-offers\/\" \/>\n<meta property=\"og:site_name\" content=\"JobNord\" \/>\n<meta property=\"article:publisher\" content=\"https:\/\/www.facebook.com\/jobnordfi\" \/>\n<meta property=\"article:modified_time\" content=\"2026-02-04T09:17:01+00:00\" \/>\n<meta property=\"og:image\" content=\"https:\/\/jobnord.fi\/wp-content\/uploads\/2022\/08\/Waiter-pizzeria-scaled.jpg\" \/>\n\t<meta property=\"og:image:width\" content=\"2560\" \/>\n\t<meta property=\"og:image:height\" content=\"1707\" \/>\n\t<meta property=\"og:image:type\" content=\"image\/jpeg\" \/>\n<meta name=\"twitter:card\" content=\"summary_large_image\" \/>\n<meta name=\"twitter:image\" content=\"https:\/\/jobnord.fi\/wp-content\/uploads\/2022\/08\/Waiter-pizzeria-scaled.jpg\" \/>\n<meta name=\"twitter:label1\" content=\"Arvioitu lukuaika\" \/>\n\t<meta name=\"twitter:data1\" content=\"1 minuutti\" \/>\n<script type=\"application\/ld+json\" class=\"yoast-schema-graph\">{\"@context\":\"https:\\\/\\\/schema.org\",\"@graph\":[{\"@type\":\"WebPage\",\"@id\":\"https:\\\/\\\/jobnord.fi\\\/job-offers\\\/\",\"url\":\"https:\\\/\\\/jobnord.fi\\\/job-offers\\\/\",\"name\":\"Job Offers - JobNord\",\"isPartOf\":{\"@id\":\"https:\\\/\\\/jobnord.fi\\\/#website\"},\"primaryImageOfPage\":{\"@id\":\"https:\\\/\\\/jobnord.fi\\\/job-offers\\\/#primaryimage\"},\"image\":{\"@id\":\"https:\\\/\\\/jobnord.fi\\\/job-offers\\\/#primaryimage\"},\"thumbnailUrl\":\"https:\\\/\\\/nuffi.info\\\/get-public-file\\\/22706\\\/ce24dbd3901ec1640203a71ad830ce1586b3bfa9ce274f406bdace4c53d702ec\",\"datePublished\":\"2022-07-21T14:40:17+00:00\",\"dateModified\":\"2026-02-04T09:17:01+00:00\",\"description\":\"JobNord is a recruitment company that matches people\u2019s skills, ambitions, and personalities with the right company.\",\"breadcrumb\":{\"@id\":\"https:\\\/\\\/jobnord.fi\\\/job-offers\\\/#breadcrumb\"},\"inLanguage\":\"fi\",\"potentialAction\":[{\"@type\":\"ReadAction\",\"target\":[\"https:\\\/\\\/jobnord.fi\\\/job-offers\\\/\"]}]},{\"@type\":\"ImageObject\",\"inLanguage\":\"fi\",\"@id\":\"https:\\\/\\\/jobnord.fi\\\/job-offers\\\/#primaryimage\",\"url\":\"https:\\\/\\\/nuffi.info\\\/get-public-file\\\/22706\\\/ce24dbd3901ec1640203a71ad830ce1586b3bfa9ce274f406bdace4c53d702ec\",\"contentUrl\":\"https:\\\/\\\/nuffi.info\\\/get-public-file\\\/22706\\\/ce24dbd3901ec1640203a71ad830ce1586b3bfa9ce274f406bdace4c53d702ec\"},{\"@type\":\"BreadcrumbList\",\"@id\":\"https:\\\/\\\/jobnord.fi\\\/job-offers\\\/#breadcrumb\",\"itemListElement\":[{\"@type\":\"ListItem\",\"position\":1,\"name\":\"Home\",\"item\":\"https:\\\/\\\/jobnord.fi\\\/\"},{\"@type\":\"ListItem\",\"position\":2,\"name\":\"Job Offers\"}]},{\"@type\":\"WebSite\",\"@id\":\"https:\\\/\\\/jobnord.fi\\\/#website\",\"url\":\"https:\\\/\\\/jobnord.fi\\\/\",\"name\":\"JobNord\",\"description\":\"L&ouml;yd&auml; oikeat ty&ouml;ntekij&auml;t oikeisiin teht&auml;viin &ndash; kansainv&auml;liset ty&ouml;voimaratkaisut ja henkil&ouml;st&ouml;palvelut Suomessa.\",\"publisher\":{\"@id\":\"https:\\\/\\\/jobnord.fi\\\/#organization\"},\"potentialAction\":[{\"@type\":\"SearchAction\",\"target\":{\"@type\":\"EntryPoint\",\"urlTemplate\":\"https:\\\/\\\/jobnord.fi\\\/?s={search_term_string}\"},\"query-input\":{\"@type\":\"PropertyValueSpecification\",\"valueRequired\":true,\"valueName\":\"search_term_string\"}}],\"inLanguage\":\"fi\"},{\"@type\":\"Organization\",\"@id\":\"https:\\\/\\\/jobnord.fi\\\/#organization\",\"name\":\"JobNord\",\"url\":\"https:\\\/\\\/jobnord.fi\\\/\",\"logo\":{\"@type\":\"ImageObject\",\"inLanguage\":\"fi\",\"@id\":\"https:\\\/\\\/jobnord.fi\\\/#\\\/schema\\\/logo\\\/image\\\/\",\"url\":\"https:\\\/\\\/jobnord.fi\\\/wp-content\\\/uploads\\\/2023\\\/01\\\/JobNord-logo-taustata-1.png\",\"contentUrl\":\"https:\\\/\\\/jobnord.fi\\\/wp-content\\\/uploads\\\/2023\\\/01\\\/JobNord-logo-taustata-1.png\",\"width\":5280,\"height\":1100,\"caption\":\"JobNord\"},\"image\":{\"@id\":\"https:\\\/\\\/jobnord.fi\\\/#\\\/schema\\\/logo\\\/image\\\/\"},\"sameAs\":[\"https:\\\/\\\/www.facebook.com\\\/jobnordfi\",\"https:\\\/\\\/www.instagram.com\\\/jobnordfin\\\/\"]}]}<\/script>\n<!-- \/ Yoast SEO plugin. -->","yoast_head_json":{"title":"Ty\u00f6tarjoukset - JobNord","description":"JobNord on rekrytointiyritys, joka yhdist\u00e4\u00e4 ihmisten taidot, tavoitteet ja persoonallisuuden oikeaan yritykseen.","robots":{"index":"index","follow":"follow","max-snippet":"max-snippet:-1","max-image-preview":"max-image-preview:large","max-video-preview":"max-video-preview:-1"},"canonical":"https:\/\/jobnord.fi\/fi\/job-offers\/","og_locale":"fi_FI","og_type":"article","og_title":"Job offers - JobNord","og_description":"Our latest job offers in Finland\u2026","og_url":"https:\/\/jobnord.fi\/fi\/job-offers\/","og_site_name":"JobNord","article_publisher":"https:\/\/www.facebook.com\/jobnordfi","article_modified_time":"2026-02-04T09:17:01+00:00","og_image":[{"width":2560,"height":1707,"url":"https:\/\/jobnord.fi\/wp-content\/uploads\/2022\/08\/Waiter-pizzeria-scaled.jpg","type":"image\/jpeg"}],"twitter_card":"summary_large_image","twitter_image":"https:\/\/jobnord.fi\/wp-content\/uploads\/2022\/08\/Waiter-pizzeria-scaled.jpg","twitter_misc":{"Arvioitu lukuaika":"1 minuutti"},"schema":{"@context":"https:\/\/schema.org","@graph":[{"@type":"WebPage","@id":"https:\/\/jobnord.fi\/job-offers\/","url":"https:\/\/jobnord.fi\/job-offers\/","name":"Ty\u00f6tarjoukset - JobNord","isPartOf":{"@id":"https:\/\/jobnord.fi\/#website"},"primaryImageOfPage":{"@id":"https:\/\/jobnord.fi\/job-offers\/#primaryimage"},"image":{"@id":"https:\/\/jobnord.fi\/job-offers\/#primaryimage"},"thumbnailUrl":"https:\/\/nuffi.info\/get-public-file\/22706\/ce24dbd3901ec1640203a71ad830ce1586b3bfa9ce274f406bdace4c53d702ec","datePublished":"2022-07-21T14:40:17+00:00","dateModified":"2026-02-04T09:17:01+00:00","description":"JobNord on rekrytointiyritys, joka yhdist\u00e4\u00e4 ihmisten taidot, tavoitteet ja persoonallisuuden oikeaan yritykseen.","breadcrumb":{"@id":"https:\/\/jobnord.fi\/job-offers\/#breadcrumb"},"inLanguage":"fi","potentialAction":[{"@type":"ReadAction","target":["https:\/\/jobnord.fi\/job-offers\/"]}]},{"@type":"ImageObject","inLanguage":"fi","@id":"https:\/\/jobnord.fi\/job-offers\/#primaryimage","url":"https:\/\/nuffi.info\/get-public-file\/22706\/ce24dbd3901ec1640203a71ad830ce1586b3bfa9ce274f406bdace4c53d702ec","contentUrl":"https:\/\/nuffi.info\/get-public-file\/22706\/ce24dbd3901ec1640203a71ad830ce1586b3bfa9ce274f406bdace4c53d702ec"},{"@type":"BreadcrumbList","@id":"https:\/\/jobnord.fi\/job-offers\/#breadcrumb","itemListElement":[{"@type":"ListItem","position":1,"name":"Home","item":"https:\/\/jobnord.fi\/"},{"@type":"ListItem","position":2,"name":"Job Offers"}]},{"@type":"WebSite","@id":"https:\/\/jobnord.fi\/#website","url":"https:\/\/jobnord.fi\/","name":"JobNord","description":"L\u00f6yd\u00e4 oikeat ty\u00f6ntekij\u00e4t oikeisiin teht\u00e4viin - kansainv\u00e4liset ty\u00f6voimaratkaisut ja henkil\u00f6st\u00f6palvelut Suomessa.","publisher":{"@id":"https:\/\/jobnord.fi\/#organization"},"potentialAction":[{"@type":"SearchAction","target":{"@type":"EntryPoint","urlTemplate":"https:\/\/jobnord.fi\/?s={search_term_string}"},"query-input":{"@type":"PropertyValueSpecification","valueRequired":true,"valueName":"search_term_string"}}],"inLanguage":"fi"},{"@type":"Organization","@id":"https:\/\/jobnord.fi\/#organization","name":"JobNord","url":"https:\/\/jobnord.fi\/","logo":{"@type":"ImageObject","inLanguage":"fi","@id":"https:\/\/jobnord.fi\/#\/schema\/logo\/image\/","url":"https:\/\/jobnord.fi\/wp-content\/uploads\/2023\/01\/JobNord-logo-taustata-1.png","contentUrl":"https:\/\/jobnord.fi\/wp-content\/uploads\/2023\/01\/JobNord-logo-taustata-1.png","width":5280,"height":1100,"caption":"JobNord"},"image":{"@id":"https:\/\/jobnord.fi\/#\/schema\/logo\/image\/"},"sameAs":["https:\/\/www.facebook.com\/jobnordfi","https:\/\/www.instagram.com\/jobnordfin\/"]}]}},"_links":{"self":[{"href":"https:\/\/jobnord.fi\/fi\/wp-json\/wp\/v2\/pages\/1414","targetHints":{"allow":["GET"]}}],"collection":[{"href":"https:\/\/jobnord.fi\/fi\/wp-json\/wp\/v2\/pages"}],"about":[{"href":"https:\/\/jobnord.fi\/fi\/wp-json\/wp\/v2\/types\/page"}],"author":[{"embeddable":true,"href":"https:\/\/jobnord.fi\/fi\/wp-json\/wp\/v2\/users\/1"}],"replies":[{"embeddable":true,"href":"https:\/\/jobnord.fi\/fi\/wp-json\/wp\/v2\/comments?post=1414"}],"version-history":[{"count":374,"href":"https:\/\/jobnord.fi\/fi\/wp-json\/wp\/v2\/pages\/1414\/revisions"}],"predecessor-version":[{"id":5325,"href":"https:\/\/jobnord.fi\/fi\/wp-json\/wp\/v2\/pages\/1414\/revisions\/5325"}],"wp:attachment":[{"href":"https:\/\/jobnord.fi\/fi\/wp-json\/wp\/v2\/media?parent=1414"}],"curies":[{"name":"wp","href":"https:\/\/api.w.org\/{rel}","templated":true}]}}