{"id":3,"date":"2022-07-12T15:20:26","date_gmt":"2022-07-12T15:20:26","guid":{"rendered":"https:\/\/jobnord.fi\/?page_id=3"},"modified":"2024-04-12T10:56:47","modified_gmt":"2024-04-12T07:56:47","slug":"markkinointirekisteri","status":"publish","type":"page","link":"https:\/\/jobnord.fi\/fi\/markkinointirekisteri\/","title":{"rendered":"Markkinointirekisteri"},"content":{"rendered":"<div data-elementor-type=\"wp-page\" data-elementor-id=\"3\" class=\"elementor elementor-3\">\n\t\t\t\t\t\t<section class=\"elementor-section elementor-top-section elementor-element elementor-element-100ad072 elementor-section-boxed elementor-section-height-default elementor-section-height-default\" data-id=\"100ad072\" data-element_type=\"section\" data-e-type=\"section\">\n\t\t\t\t\t\t<div class=\"elementor-container elementor-column-gap-default\">\n\t\t\t\t\t<div class=\"elementor-column elementor-col-100 elementor-top-column elementor-element elementor-element-4af63236\" data-id=\"4af63236\" data-element_type=\"column\" data-e-type=\"column\">\n\t\t\t<div class=\"elementor-widget-wrap elementor-element-populated\">\n\t\t\t\t\t\t<div class=\"elementor-element elementor-element-3cb89503 elementor-widget elementor-widget-text-editor\" data-id=\"3cb89503\" data-element_type=\"widget\" data-e-type=\"widget\" data-widget_type=\"text-editor.default\">\n\t\t\t\t<div class=\"elementor-widget-container\">\n\t\t\t\t\t\t\t\t\t<p class=\"MsoNormal\" style=\"margin-bottom: 0cm;\"><b><span lang=\"EN-US\">Rekisterin nimi<\/span><\/b><\/p>\n<p class=\"MsoNormal\" style=\"margin-bottom: 0cm;\"><span lang=\"EN-US\">JobNord O\u00fc:n ja JobNord Global Oy:n (\"JobNord\") markkinointirekisteri.<b><\/b><\/span><\/p>\n<p class=\"MsoNormal\" style=\"margin-bottom: 0cm;\"><span lang=\"EN-US\">\u00a0<\/span><\/p>\n<p class=\"MsoNormal\" style=\"margin-bottom: 0cm;\"><b><span lang=\"EN-US\">Rekisterin pit\u00e4misen perusteet<\/span><\/b><\/p>\n<p class=\"MsoNormal\" style=\"margin-bottom: 0cm;\"><span lang=\"EN-US\">Henkil\u00f6tietolain 19 \u00a7. Henkil\u00f6tietojen s\u00e4ilytt\u00e4minen ja k\u00e4sittely perustuu rekister\u00f6idyn suostumukseen vastaanottaa suoramarkkinointia, JobNordin oikeutettuun etuun sek\u00e4 JobNordin ja rekister\u00f6idyn v\u00e4liseen tosiasialliseen yhteyteen, kun JobNordilla on oikeus k\u00e4ytt\u00e4\u00e4 tietoja tuotteiden ja palvelujen markkinoinnissa ja mainonnassa.<\/span><\/p>\n<p class=\"MsoNormal\" style=\"margin-bottom: 0cm;\"><span lang=\"EN-US\">\u00a0<\/span><\/p>\n<p class=\"MsoNormal\" style=\"margin-bottom: 0cm;\"><b><span lang=\"EN-US\">Rekisterin tarkoitus<\/span><\/b><\/p>\n<p class=\"MsoNormal\" style=\"margin-bottom: 0cm;\"><span lang=\"EN-US\">Rekisteriss\u00e4 olevia henkil\u00f6tietoja k\u00e4ytet\u00e4\u00e4n JobNordin suoramarkkinointiin, et\u00e4myyntiin, mielipidetutkimuksiin tai vastaaviin toimiin, kuten uutiskirjeiden l\u00e4hett\u00e4miseen.<\/span><\/p>\n<p class=\"MsoNormal\" style=\"margin-bottom: 0cm;\"><span lang=\"EN-US\">JobNordilla on yhteisty\u00f6kumppaneita, jotka toimivat JobNordin puolesta. Valtuutetuilla kumppaneilla on oikeus k\u00e4sitell\u00e4 tietoja JobNordin markkinointirekisteriss\u00e4.<\/span><\/p>\n<p class=\"MsoNormal\" style=\"margin-bottom: 0cm;\"><span lang=\"EN-US\">\u00a0<\/span><\/p>\n<p class=\"MsoNormal\" style=\"margin-bottom: 0cm;\"><span lang=\"EN-US\">JobNord l\u00e4hett\u00e4\u00e4 suoramarkkinointia esimerkiksi s\u00e4hk\u00f6postitse rekister\u00f6idyn suostumuksella tai jos on perusteltua olettaa, ett\u00e4 suoramarkkinointi on vastaanottajalle olennaisesti hy\u00f6dyllist\u00e4 ja\/tai kiinnostavaa, esimerkiksi ty\u00f6asioissa.<\/span><\/p>\n<p class=\"MsoNormal\" style=\"margin-bottom: 0cm;\"><span lang=\"EN-US\">\u00a0<\/span><\/p>\n<p class=\"MsoNormal\" style=\"margin-bottom: 0cm;\"><span lang=\"EN-US\">\u00a0<\/span><\/p>\n<p class=\"MsoNormal\" style=\"margin-bottom: 0cm;\"><b><span lang=\"EN-US\">Rekisterin sis\u00e4lt\u00f6<\/span><\/b><\/p>\n<p class=\"MsoNormal\" style=\"margin-bottom: 0cm;\"><span lang=\"EN-US\">Rekisteriss\u00e4 k\u00e4sitell\u00e4\u00e4n luonnollisen henkil\u00f6n tai rekister\u00f6idyn yrityksen edunsaajan henkil\u00f6tietoja. Edell\u00e4 mainittujen ryhmien osalta markkinointirekisteri voi sis\u00e4lt\u00e4\u00e4 yht\u00e4 tai useampaa tietoa, kuten: etunimi, sukunimi, s\u00e4hk\u00f6postiosoite, puhelinnumero, \u00e4idinkieli, osoitetiedot ja yrityst\u00e4 koskevat tiedot tai muut asiakkaan itsens\u00e4 antamat tai h\u00e4nelt\u00e4 ker\u00e4tyt tiedot. Rekisteri sis\u00e4lt\u00e4\u00e4 my\u00f6s asiakkaan ilmoittamat suoramarkkinointiluvat ja -kiellot.<\/span><\/p>\n<p class=\"MsoNormal\" style=\"margin-bottom: 0cm;\"><span lang=\"EN-US\">\u00a0<\/span><\/p>\n<p class=\"MsoNormal\" style=\"margin-bottom: 0cm;\"><b><span lang=\"EN-US\">S\u00e4\u00e4nn\u00f6lliset tietol\u00e4hteet<\/span><\/b><\/p>\n<p class=\"MsoNormal\" style=\"margin-bottom: 0cm;\"><span lang=\"EN-US\">Jos kyseess\u00e4 on luonnollinen henkil\u00f6, tietoja ker\u00e4t\u00e4\u00e4n rekister\u00f6idylt\u00e4 henkil\u00f6lt\u00e4 esimerkiksi arvontojen, kilpailujen tai verkkosivustolla t\u00e4ytettyjen lomakkeiden avulla. Henkil\u00f6tietoja voidaan ker\u00e4t\u00e4 tai p\u00e4ivitt\u00e4\u00e4 my\u00f6s esimerkiksi JobNordin asiakasrekisterist\u00e4, v\u00e4est\u00f6tietoj\u00e4rjestelm\u00e4st\u00e4, puhelinluetteloista ja muilta viranomaisilta tai yrityksilt\u00e4, jotka antavat henkil\u00f6tietoja.<\/span><\/p>\n<p class=\"MsoNormal\" style=\"margin-bottom: 0cm;\"><span lang=\"EN-US\">\u00a0<\/span><\/p>\n<p class=\"MsoNormal\" style=\"margin-bottom: 0cm;\"><span lang=\"EN-US\">Yrityksen tai yhteis\u00f6n edustajan osalta tietoja voidaan ker\u00e4t\u00e4 esimerkiksi yritys- ja yhteis\u00f6tietoj\u00e4rjestelm\u00e4st\u00e4, kaupparekisterist\u00e4 tai kaupparekisteriotteesta, Suomen Asiakastieto Oy:n tai Bisnode Oy:n tietokannasta tai yrityksen tai yhteis\u00f6n omilta verkkosivuilta. Tietoja voi saada my\u00f6s suoraan puhelimitse tai s\u00e4hk\u00f6postitse yrityksen edustajalta.<\/span><\/p>\n<p class=\"MsoNormal\" style=\"margin-bottom: 0cm;\"><span lang=\"EN-US\">\u00a0<\/span><\/p>\n<p class=\"MsoNormal\" style=\"margin-bottom: 0cm;\"><span lang=\"EN-US\">\u00a0<\/span><\/p>\n<p class=\"MsoNormal\" style=\"margin-bottom: 0cm;\"><b><span lang=\"EN-US\">S\u00e4\u00e4nn\u00f6llinen tiedonsiirto<\/span><\/b><\/p>\n<p class=\"MsoNormal\" style=\"margin-bottom: 0cm;\"><span lang=\"EN-US\">JobNordin markkinointirekisterin tietoja ei luovuteta yrityksen ulkopuolisille tahoille. Tietojen luovuttaminen viranomaisille tapahtuu voimassa olevan lains\u00e4\u00e4d\u00e4nn\u00f6n mukaisesti. Tietoja voidaan luovuttaa JobNordin yhteisty\u00f6kumppaneille tai alihankkijoille, jos asiakkaalle tarjottu palvelu sit\u00e4 edellytt\u00e4\u00e4. Voimme my\u00f6s ulkoistaa henkil\u00f6tietojen k\u00e4sittelyn kolmannelle osapuolelle, jolloin takaamme, ett\u00e4 henkil\u00f6tietoja k\u00e4sitell\u00e4\u00e4n voimassa olevan henkil\u00f6tietolain mukaisesti ja objektiivisesti.<\/span><\/p>\n<p class=\"MsoNormal\" style=\"margin-bottom: 0cm;\"><span lang=\"EN-US\">\u00a0<\/span><\/p>\n<p class=\"MsoNormal\" style=\"margin-bottom: 0cm;\"><b><span lang=\"EN-US\">Tietojen siirto EU:n tai ETA:n ulkopuolelle<\/span><\/b><\/p>\n<p class=\"MsoNormal\" style=\"margin-bottom: 0cm;\"><span lang=\"EN-US\">Tietoja voidaan siirt\u00e4\u00e4 Euroopan unionin tai Euroopan talousalueen ulkopuolelle, jos se on tarpeen palvelun toteuttamiseksi. JobNord huolehtii t\u00e4ll\u00f6inkin lains\u00e4\u00e4d\u00e4nn\u00f6n edellytt\u00e4m\u00e4st\u00e4 riitt\u00e4v\u00e4st\u00e4 tietosuojan tasosta, esimerkiksi k\u00e4ytt\u00e4m\u00e4ll\u00e4 EU:n mallilausekkeita tietojen siirt\u00e4misest\u00e4 kolmansiin maihin. JobNord ei myy markkinointirekisterin tietoja kolmansille osapuolille.<\/span><\/p>\n<p class=\"MsoNormal\" style=\"margin-bottom: 0cm;\"><span lang=\"EN-US\">\u00a0<\/span><\/p>\n<p class=\"MsoNormal\" style=\"margin-bottom: 0cm;\"><span lang=\"EN-US\">\u00a0<\/span><\/p>\n<p class=\"MsoNormal\" style=\"margin-bottom: 0cm;\"><b><span lang=\"EN-US\">Rekisterin suojauksen periaatteet<\/span><\/b><\/p>\n<p class=\"MsoNormal\" style=\"margin-bottom: 0cm;\"><span lang=\"EN-US\">Aineisto ker\u00e4t\u00e4\u00e4n tietokantoihin, jotka on suojattu palomuurein, salasanoin ja muilla teknisill\u00e4 keinoilla. Vain JobNordin henkil\u00f6kunnalla tai sen edustajilla, jotka tarvitsevat tietoja ty\u00f6ss\u00e4\u00e4n, on oikeus k\u00e4ytt\u00e4\u00e4 tietoja. JobNord edellytt\u00e4\u00e4, ett\u00e4 ty\u00f6ntekij\u00e4t ja yhteisty\u00f6kumppanit noudattavat markkinointirekisterin tietoja koskevaa salassapitovelvollisuutta. Manuaalisessa muodossa olevaa aineistoa s\u00e4ilytet\u00e4\u00e4n JobNordin k\u00e4ytt\u00e4miss\u00e4 toimistotiloissa. Tilat on lukittu ja vartioitu.<\/span><\/p>\n<p class=\"MsoNormal\" style=\"margin-bottom: 0cm;\"><span lang=\"EN-US\">\u00a0<\/span><\/p>\n<p class=\"MsoNormal\" style=\"margin-bottom: 0cm;\"><span lang=\"EN-US\">\u00a0<\/span><\/p>\n<p class=\"MsoNormal\" style=\"margin-bottom: 0cm;\"><b><span lang=\"EN-US\">Tarkastusoikeus, kielto ja oikaisu<\/span><\/b><\/p>\n<p class=\"MsoNormal\" style=\"margin-bottom: 0cm;\"><span lang=\"EN-US\">Henkil\u00f6tietolain 26 \u00a7:n mukaan rekister\u00f6idyll\u00e4 on oikeus tarkistaa itse\u00e4\u00e4n koskevat tiedot ja vaatia rekisteriss\u00e4 olevien virheellisten tietojen korjaamista. Tarkastus- ja oikaisupyynn\u00f6t on l\u00e4hetett\u00e4v\u00e4 kirjallisesti JobNordin asiakaspalveluun osoitteeseen info@jobnord.fi.<\/span><\/p>\n<p class=\"MsoNormal\" style=\"margin-bottom: 0cm;\"><span lang=\"EN-US\">\u00a0<\/span><\/p>\n<p>\u00a0<\/p>\n<p class=\"MsoNormal\" style=\"margin-bottom: 0cm;\"><span lang=\"EN-US\">Rekister\u00f6idyll\u00e4 henkil\u00f6ll\u00e4 on oikeus kielt\u00e4\u00e4 tietojensa k\u00e4ytt\u00f6 suoramarkkinointiin, et\u00e4myyntiin tai mielipidetutkimuksiin ilmoittamalla siit\u00e4 kirjallisesti osoitteeseen info@jobnord.fi.<\/span><\/p>\t\t\t\t\t\t\t\t<\/div>\n\t\t\t\t<\/div>\n\t\t\t\t\t<\/div>\n\t\t<\/div>\n\t\t\t\t\t<\/div>\n\t\t<\/section>\n\t\t\t\t<\/div>","protected":false},"excerpt":{"rendered":"<p>Registry name The marketing register of JobNord O\u00fc and JobNord Global Oy (&#8220;JobNord&#8221;). \u00a0 Basis for keeping the register \u00a7 19 of the Personal Data Act. Keeping and processing personal data is based on the data subject&#8217;s consent to receive direct marketing, JobNord&#8217;s legitimate interest, and the factual connection between JobNord and the data subject, [&hellip;]<\/p>\n","protected":false},"author":1,"featured_media":0,"parent":0,"menu_order":0,"comment_status":"closed","ping_status":"open","template":"","meta":{"_monsterinsights_skip_tracking":false,"_monsterinsights_sitenote_active":false,"_monsterinsights_sitenote_note":"","_monsterinsights_sitenote_category":0,"site-sidebar-layout":"default","site-content-layout":"","ast-site-content-layout":"default","site-content-style":"default","site-sidebar-style":"default","ast-global-header-display":"","ast-banner-title-visibility":"","ast-main-header-display":"","ast-hfb-above-header-display":"","ast-hfb-below-header-display":"","ast-hfb-mobile-header-display":"","site-post-title":"","ast-breadcrumbs-content":"","ast-featured-img":"","footer-sml-layout":"","ast-disable-related-posts":"","theme-transparent-header-meta":"","adv-header-id-meta":"","stick-header-meta":"","header-above-stick-meta":"","header-main-stick-meta":"","header-below-stick-meta":"","astra-migrate-meta-layouts":"set","ast-page-background-enabled":"default","ast-page-background-meta":{"desktop":{"background-color":"","background-image":"","background-repeat":"repeat","background-position":"center center","background-size":"auto","background-attachment":"scroll","background-type":"","background-media":"","overlay-type":"","overlay-color":"","overlay-opacity":"","overlay-gradient":""},"tablet":{"background-color":"","background-image":"","background-repeat":"repeat","background-position":"center center","background-size":"auto","background-attachment":"scroll","background-type":"","background-media":"","overlay-type":"","overlay-color":"","overlay-opacity":"","overlay-gradient":""},"mobile":{"background-color":"","background-image":"","background-repeat":"repeat","background-position":"center center","background-size":"auto","background-attachment":"scroll","background-type":"","background-media":"","overlay-type":"","overlay-color":"","overlay-opacity":"","overlay-gradient":""}},"ast-content-background-meta":{"desktop":{"background-color":"var(--ast-global-color-5)","background-image":"","background-repeat":"repeat","background-position":"center center","background-size":"auto","background-attachment":"scroll","background-type":"","background-media":"","overlay-type":"","overlay-color":"","overlay-opacity":"","overlay-gradient":""},"tablet":{"background-color":"var(--ast-global-color-5)","background-image":"","background-repeat":"repeat","background-position":"center center","background-size":"auto","background-attachment":"scroll","background-type":"","background-media":"","overlay-type":"","overlay-color":"","overlay-opacity":"","overlay-gradient":""},"mobile":{"background-color":"var(--ast-global-color-5)","background-image":"","background-repeat":"repeat","background-position":"center center","background-size":"auto","background-attachment":"scroll","background-type":"","background-media":"","overlay-type":"","overlay-color":"","overlay-opacity":"","overlay-gradient":""}},"footnotes":""},"class_list":["post-3","page","type-page","status-publish","hentry"],"yoast_head":"<!-- This site is optimized with the Yoast SEO plugin v27.4 - https:\/\/yoast.com\/product\/yoast-seo-wordpress\/ -->\n<title>Marketing Register - JobNord<\/title>\n<meta name=\"description\" content=\"The personal data in the register is used for JobNord&#039;s direct marketing, remote sales, opinion surveys or similar activities, such as sending newsletters.\" \/>\n<meta name=\"robots\" content=\"index, follow, max-snippet:-1, max-image-preview:large, max-video-preview:-1\" \/>\n<link rel=\"canonical\" href=\"https:\/\/jobnord.fi\/fi\/markkinointirekisteri\/\" \/>\n<meta property=\"og:locale\" content=\"fi_FI\" \/>\n<meta property=\"og:type\" content=\"article\" \/>\n<meta property=\"og:title\" content=\"Marketing Register - JobNord\" \/>\n<meta property=\"og:description\" content=\"The personal data in the register is used for JobNord&#039;s direct marketing, remote sales, opinion surveys or similar activities, such as sending newsletters.\" \/>\n<meta property=\"og:url\" content=\"https:\/\/jobnord.fi\/fi\/markkinointirekisteri\/\" \/>\n<meta property=\"og:site_name\" content=\"JobNord\" \/>\n<meta property=\"article:publisher\" content=\"https:\/\/www.facebook.com\/jobnordfi\" \/>\n<meta property=\"article:modified_time\" content=\"2024-04-12T07:56:47+00:00\" \/>\n<meta property=\"og:image\" content=\"https:\/\/jobnord.fi\/wp-content\/uploads\/2022\/09\/front-view-male-chef-posing-with-arms-crossed-kitchen-scaled.jpg\" \/>\n\t<meta property=\"og:image:width\" content=\"2560\" \/>\n\t<meta property=\"og:image:height\" content=\"1828\" \/>\n\t<meta property=\"og:image:type\" content=\"image\/jpeg\" \/>\n<meta name=\"twitter:card\" content=\"summary_large_image\" \/>\n<meta name=\"twitter:label1\" content=\"Arvioitu lukuaika\" \/>\n\t<meta name=\"twitter:data1\" content=\"3 minuuttia\" \/>\n<script type=\"application\/ld+json\" class=\"yoast-schema-graph\">{\"@context\":\"https:\\\/\\\/schema.org\",\"@graph\":[{\"@type\":\"WebPage\",\"@id\":\"https:\\\/\\\/jobnord.fi\\\/marketing-register\\\/\",\"url\":\"https:\\\/\\\/jobnord.fi\\\/marketing-register\\\/\",\"name\":\"Marketing Register - JobNord\",\"isPartOf\":{\"@id\":\"https:\\\/\\\/jobnord.fi\\\/#website\"},\"datePublished\":\"2022-07-12T15:20:26+00:00\",\"dateModified\":\"2024-04-12T07:56:47+00:00\",\"description\":\"The personal data in the register is used for JobNord's direct marketing, remote sales, opinion surveys or similar activities, such as sending newsletters.\",\"breadcrumb\":{\"@id\":\"https:\\\/\\\/jobnord.fi\\\/marketing-register\\\/#breadcrumb\"},\"inLanguage\":\"fi\",\"potentialAction\":[{\"@type\":\"ReadAction\",\"target\":[\"https:\\\/\\\/jobnord.fi\\\/marketing-register\\\/\"]}]},{\"@type\":\"BreadcrumbList\",\"@id\":\"https:\\\/\\\/jobnord.fi\\\/marketing-register\\\/#breadcrumb\",\"itemListElement\":[{\"@type\":\"ListItem\",\"position\":1,\"name\":\"Home\",\"item\":\"https:\\\/\\\/jobnord.fi\\\/\"},{\"@type\":\"ListItem\",\"position\":2,\"name\":\"Marketing Register\"}]},{\"@type\":\"WebSite\",\"@id\":\"https:\\\/\\\/jobnord.fi\\\/#website\",\"url\":\"https:\\\/\\\/jobnord.fi\\\/\",\"name\":\"JobNord\",\"description\":\"L&ouml;yd&auml; oikeat ty&ouml;ntekij&auml;t oikeisiin teht&auml;viin &ndash; kansainv&auml;liset ty&ouml;voimaratkaisut ja henkil&ouml;st&ouml;palvelut Suomessa.\",\"publisher\":{\"@id\":\"https:\\\/\\\/jobnord.fi\\\/#organization\"},\"potentialAction\":[{\"@type\":\"SearchAction\",\"target\":{\"@type\":\"EntryPoint\",\"urlTemplate\":\"https:\\\/\\\/jobnord.fi\\\/?s={search_term_string}\"},\"query-input\":{\"@type\":\"PropertyValueSpecification\",\"valueRequired\":true,\"valueName\":\"search_term_string\"}}],\"inLanguage\":\"fi\"},{\"@type\":\"Organization\",\"@id\":\"https:\\\/\\\/jobnord.fi\\\/#organization\",\"name\":\"JobNord\",\"url\":\"https:\\\/\\\/jobnord.fi\\\/\",\"logo\":{\"@type\":\"ImageObject\",\"inLanguage\":\"fi\",\"@id\":\"https:\\\/\\\/jobnord.fi\\\/#\\\/schema\\\/logo\\\/image\\\/\",\"url\":\"https:\\\/\\\/jobnord.fi\\\/wp-content\\\/uploads\\\/2023\\\/01\\\/JobNord-logo-taustata-1.png\",\"contentUrl\":\"https:\\\/\\\/jobnord.fi\\\/wp-content\\\/uploads\\\/2023\\\/01\\\/JobNord-logo-taustata-1.png\",\"width\":5280,\"height\":1100,\"caption\":\"JobNord\"},\"image\":{\"@id\":\"https:\\\/\\\/jobnord.fi\\\/#\\\/schema\\\/logo\\\/image\\\/\"},\"sameAs\":[\"https:\\\/\\\/www.facebook.com\\\/jobnordfi\",\"https:\\\/\\\/www.instagram.com\\\/jobnordfin\\\/\"]}]}<\/script>\n<!-- \/ Yoast SEO plugin. -->","yoast_head_json":{"title":"Markkinointirekisteri - JobNord","description":"Rekisteriss\u00e4 olevia henkil\u00f6tietoja k\u00e4ytet\u00e4\u00e4n JobNordin suoramarkkinointiin, et\u00e4myyntiin, mielipidetutkimuksiin tai vastaaviin toimiin, kuten uutiskirjeiden l\u00e4hett\u00e4miseen.","robots":{"index":"index","follow":"follow","max-snippet":"max-snippet:-1","max-image-preview":"max-image-preview:large","max-video-preview":"max-video-preview:-1"},"canonical":"https:\/\/jobnord.fi\/fi\/markkinointirekisteri\/","og_locale":"fi_FI","og_type":"article","og_title":"Marketing Register - JobNord","og_description":"The personal data in the register is used for JobNord's direct marketing, remote sales, opinion surveys or similar activities, such as sending newsletters.","og_url":"https:\/\/jobnord.fi\/fi\/markkinointirekisteri\/","og_site_name":"JobNord","article_publisher":"https:\/\/www.facebook.com\/jobnordfi","article_modified_time":"2024-04-12T07:56:47+00:00","og_image":[{"width":2560,"height":1828,"url":"https:\/\/jobnord.fi\/wp-content\/uploads\/2022\/09\/front-view-male-chef-posing-with-arms-crossed-kitchen-scaled.jpg","type":"image\/jpeg"}],"twitter_card":"summary_large_image","twitter_misc":{"Arvioitu lukuaika":"3 minuuttia"},"schema":{"@context":"https:\/\/schema.org","@graph":[{"@type":"WebPage","@id":"https:\/\/jobnord.fi\/marketing-register\/","url":"https:\/\/jobnord.fi\/marketing-register\/","name":"Markkinointirekisteri - JobNord","isPartOf":{"@id":"https:\/\/jobnord.fi\/#website"},"datePublished":"2022-07-12T15:20:26+00:00","dateModified":"2024-04-12T07:56:47+00:00","description":"Rekisteriss\u00e4 olevia henkil\u00f6tietoja k\u00e4ytet\u00e4\u00e4n JobNordin suoramarkkinointiin, et\u00e4myyntiin, mielipidetutkimuksiin tai vastaaviin toimiin, kuten uutiskirjeiden l\u00e4hett\u00e4miseen.","breadcrumb":{"@id":"https:\/\/jobnord.fi\/marketing-register\/#breadcrumb"},"inLanguage":"fi","potentialAction":[{"@type":"ReadAction","target":["https:\/\/jobnord.fi\/marketing-register\/"]}]},{"@type":"BreadcrumbList","@id":"https:\/\/jobnord.fi\/marketing-register\/#breadcrumb","itemListElement":[{"@type":"ListItem","position":1,"name":"Home","item":"https:\/\/jobnord.fi\/"},{"@type":"ListItem","position":2,"name":"Marketing Register"}]},{"@type":"WebSite","@id":"https:\/\/jobnord.fi\/#website","url":"https:\/\/jobnord.fi\/","name":"JobNord","description":"L\u00f6yd\u00e4 oikeat ty\u00f6ntekij\u00e4t oikeisiin teht\u00e4viin - kansainv\u00e4liset ty\u00f6voimaratkaisut ja henkil\u00f6st\u00f6palvelut Suomessa.","publisher":{"@id":"https:\/\/jobnord.fi\/#organization"},"potentialAction":[{"@type":"SearchAction","target":{"@type":"EntryPoint","urlTemplate":"https:\/\/jobnord.fi\/?s={search_term_string}"},"query-input":{"@type":"PropertyValueSpecification","valueRequired":true,"valueName":"search_term_string"}}],"inLanguage":"fi"},{"@type":"Organization","@id":"https:\/\/jobnord.fi\/#organization","name":"JobNord","url":"https:\/\/jobnord.fi\/","logo":{"@type":"ImageObject","inLanguage":"fi","@id":"https:\/\/jobnord.fi\/#\/schema\/logo\/image\/","url":"https:\/\/jobnord.fi\/wp-content\/uploads\/2023\/01\/JobNord-logo-taustata-1.png","contentUrl":"https:\/\/jobnord.fi\/wp-content\/uploads\/2023\/01\/JobNord-logo-taustata-1.png","width":5280,"height":1100,"caption":"JobNord"},"image":{"@id":"https:\/\/jobnord.fi\/#\/schema\/logo\/image\/"},"sameAs":["https:\/\/www.facebook.com\/jobnordfi","https:\/\/www.instagram.com\/jobnordfin\/"]}]}},"_links":{"self":[{"href":"https:\/\/jobnord.fi\/fi\/wp-json\/wp\/v2\/pages\/3","targetHints":{"allow":["GET"]}}],"collection":[{"href":"https:\/\/jobnord.fi\/fi\/wp-json\/wp\/v2\/pages"}],"about":[{"href":"https:\/\/jobnord.fi\/fi\/wp-json\/wp\/v2\/types\/page"}],"author":[{"embeddable":true,"href":"https:\/\/jobnord.fi\/fi\/wp-json\/wp\/v2\/users\/1"}],"replies":[{"embeddable":true,"href":"https:\/\/jobnord.fi\/fi\/wp-json\/wp\/v2\/comments?post=3"}],"version-history":[{"count":5,"href":"https:\/\/jobnord.fi\/fi\/wp-json\/wp\/v2\/pages\/3\/revisions"}],"predecessor-version":[{"id":2612,"href":"https:\/\/jobnord.fi\/fi\/wp-json\/wp\/v2\/pages\/3\/revisions\/2612"}],"wp:attachment":[{"href":"https:\/\/jobnord.fi\/fi\/wp-json\/wp\/v2\/media?parent=3"}],"curies":[{"name":"wp","href":"https:\/\/api.w.org\/{rel}","templated":true}]}}