{"id":3594,"date":"2025-02-03T12:53:08","date_gmt":"2025-02-03T10:53:08","guid":{"rendered":"https:\/\/jobnord.fi\/?page_id=3594"},"modified":"2025-02-03T15:03:47","modified_gmt":"2025-02-03T13:03:47","slug":"ota-meihin-yhteytta-lomakkeen-kautta","status":"publish","type":"page","link":"https:\/\/jobnord.fi\/fi\/ota-meihin-yhteytta-lomakkeen-kautta\/","title":{"rendered":"Ota meihin yhteytt\u00e4 lomakkeella"},"content":{"rendered":"<div data-elementor-type=\"wp-page\" data-elementor-id=\"3594\" class=\"elementor elementor-3594\">\n\t\t\t\t<div class=\"elementor-element elementor-element-6caa93e e-flex e-con-boxed e-con e-parent\" data-id=\"6caa93e\" data-element_type=\"container\" data-e-type=\"container\">\n\t\t\t\t\t<div class=\"e-con-inner\">\n\t\t\t\t<div class=\"elementor-element elementor-element-37485c2a elementor-widget elementor-widget-text-editor\" data-id=\"37485c2a\" data-element_type=\"widget\" data-e-type=\"widget\" data-widget_type=\"text-editor.default\">\n\t\t\t\t<div class=\"elementor-widget-container\">\n\t\t\t\t\t\t\t\t\t\n<div class=\"forminator-guttenberg\"><div class=\"forminator-ui forminator-custom-form forminator-custom-form-3595 forminator-design--default  forminator_ajax\" data-forminator-render=\"0\" data-form=\"forminator-module-3595\" data-uid=\"69dbe63ec285b\"><br\/><\/div><form\n\t\t\t\tid=\"forminator-module-3595\"\n\t\t\t\tclass=\"forminator-ui forminator-custom-form forminator-custom-form-3595 forminator-design--default  forminator_ajax\"\n\t\t\t\tmethod=\"post\"\n\t\t\t\tdata-forminator-render=\"0\"\n\t\t\t\tdata-form-id=\"3595\"\n\t\t\t\t data-color-option=\"theme\" data-design=\"default\" data-grid=\"open\" style=\"display: none;\"\n\t\t\t\tdata-uid=\"69dbe63ec285b\" action=\"\"\n\t\t\t><div role=\"alert\" aria-live=\"polite\" class=\"forminator-response-message forminator-error\" aria-hidden=\"true\"><\/div><div class=\"forminator-row\"><div id=\"name-1\" class=\"forminator-field-name forminator-col forminator-col-12\"><div class=\"forminator-field\"><label for=\"forminator-field-name-1_69dbe63ec285b\" id=\"forminator-field-name-1_69dbe63ec285b-label\" class=\"forminator-label\">Nimi<\/label><input type=\"text\" name=\"name-1\" value=\"\" placeholder=\"Esim. Marko Meik\u00e4l\u00e4inen\" id=\"forminator-field-name-1_69dbe63ec285b\" class=\"forminator-input forminator-name--field\" aria-required=\"false\" autocomplete=\"name\" \/><\/div><\/div><\/div><div class=\"forminator-row\"><div id=\"email-1\" class=\"forminator-field-email forminator-col forminator-col-12\"><div class=\"forminator-field\"><label for=\"forminator-field-email-1_69dbe63ec285b\" id=\"forminator-field-email-1_69dbe63ec285b-label\" class=\"forminator-label\">S\u00e4hk\u00f6postiosoite<\/label><input type=\"email\" name=\"email-1\" value=\"\" placeholder=\"Esim. marko@meik\u00e4l\u00e4inen.fi\" id=\"forminator-field-email-1_69dbe63ec285b\" class=\"forminator-input forminator-email--field\" data-required=\"\" aria-required=\"false\" autocomplete=\"email\" \/><\/div><\/div><\/div><div class=\"forminator-row\"><div id=\"phone-1\" class=\"forminator-field-phone forminator-col forminator-col-12\"><div class=\"forminator-field\"><label for=\"forminator-field-phone-1_69dbe63ec285b\" id=\"forminator-field-phone-1_69dbe63ec285b-label\" class=\"forminator-label\">Puhelinnumero<\/label><input type=\"text\" name=\"phone-1\" value=\"\" placeholder=\"Esim. +358 401112222\" id=\"forminator-field-phone-1_69dbe63ec285b\" class=\"forminator-input forminator-field--phone\" data-required=\"\" aria-required=\"false\" autocomplete=\"off\" \/><\/div><\/div><\/div><div class=\"forminator-row\"><div id=\"textarea-1\" class=\"forminator-field-textarea forminator-col forminator-col-12\"><div class=\"forminator-field\"><label for=\"forminator-field-textarea-1_69dbe63ec285b\" id=\"forminator-field-textarea-1_69dbe63ec285b-label\" class=\"forminator-label\">Lis\u00e4tiedot<\/label><textarea name=\"textarea-1\" placeholder=\"Esim. yrityksesi nimi ja lis\u00e4tietoja yhteydenottoon liittyen.\" id=\"forminator-field-textarea-1_69dbe63ec285b\" class=\"forminator-textarea\" rows=\"6\" style=\"min-height:140px;\" ><\/textarea><\/div><\/div><\/div><div class=\"forminator-row\"><div id=\"checkbox-1\" class=\"forminator-field-checkbox forminator-col forminator-col-12\"><div role=\"group\" class=\"forminator-field required\" aria-labelledby=\"forminator-checkbox-group-forminator-field-checkbox-1-69dbe63ec285b-label\"><span id=\"forminator-checkbox-group-forminator-field-checkbox-1-69dbe63ec285b-label\" class=\"forminator-label\">Tietojenk\u00e4sittely <span class=\"forminator-required\">*<\/span><\/span><label id=\"forminator-field-checkbox-1-1-69dbe63ec285b-label\" for=\"forminator-field-checkbox-1-1-69dbe63ec285b\" class=\"forminator-checkbox\" title=\"Hyv\u00e4ksyn tietojeni tallentamisen ja k\u00e4sittelyn\"><input type=\"checkbox\" name=\"checkbox-1[]\" value=\"one\" id=\"forminator-field-checkbox-1-1-69dbe63ec285b\" aria-labelledby=\"forminator-field-checkbox-1-1-69dbe63ec285b-label\" data-calculation=\"0\"   data-hidden-behavior=\"zero\"\/><span class=\"forminator-checkbox-box\" aria-hidden=\"true\"><\/span><span class=\"forminator-checkbox-label\">Hyv\u00e4ksyn tietojeni tallentamisen ja k\u00e4sittelyn<\/span><\/label><\/div><\/div><\/div><input type=\"hidden\" name=\"referer_url\" value=\"\" \/><div class=\"forminator-row forminator-row-last\"><div class=\"forminator-col\"><div class=\"forminator-field\"><button class=\"forminator-button forminator-button-submit\">L\u00e4het\u00e4<\/button><\/div><\/div><\/div><input type=\"hidden\" id=\"forminator_nonce\" name=\"forminator_nonce\" value=\"f16e6b68de\" \/><input type=\"hidden\" name=\"_wp_http_referer\" value=\"\/fi\/wp-json\/wp\/v2\/pages\/3594\" \/><input type=\"hidden\" name=\"form_id\" value=\"3595\"><input type=\"hidden\" name=\"page_id\" value=\"3594\"><input type=\"hidden\" name=\"form_type\" value=\"default\"><input type=\"hidden\" name=\"current_url\" value=\"https:\/\/jobnord.fi\/fi\/ota-meihin-yhteytta-lomakkeen-kautta\/\"><input type=\"hidden\" name=\"render_id\" value=\"0\"><input type=\"hidden\" name=\"action\" value=\"forminator_submit_form_custom-forms\"><input type=\"hidden\" name=\"trp-form-language\" value=\"fi\"\/><\/form><\/div>\n\t\t\t\t\t\t\t\t<\/div>\n\t\t\t\t<\/div>\n\t\t\t\t\t<\/div>\n\t\t\t\t<\/div>\n\t\t<div class=\"elementor-element elementor-element-f3e99f8 e-flex e-con-boxed e-con e-parent\" data-id=\"f3e99f8\" data-element_type=\"container\" data-e-type=\"container\">\n\t\t\t\t\t<div class=\"e-con-inner\">\n\t\t\t\t<div class=\"elementor-element elementor-element-29c52df elementor-widget elementor-widget-text-editor\" data-id=\"29c52df\" data-element_type=\"widget\" data-e-type=\"widget\" data-widget_type=\"text-editor.default\">\n\t\t\t\t<div class=\"elementor-widget-container\">\n\t\t\t\t\t\t\t\t\t<p>Lis\u00e4tietoja henkil\u00f6tietojen k\u00e4sittelyst\u00e4 l\u00f6yd\u00e4t <a href=\"https:\/\/jobnord.fi\/fi\/privacy-policy\/\">tietosuojaselosteesta.<\/a><\/p>\t\t\t\t\t\t\t\t<\/div>\n\t\t\t\t<\/div>\n\t\t\t\t\t<\/div>\n\t\t\t\t<\/div>\n\t\t\t\t<\/div>","protected":false},"excerpt":{"rendered":"<p>Lis\u00e4tietoja henkil\u00f6tietojen k\u00e4sittelyst\u00e4 l\u00f6yd\u00e4t tietosuojaselosteesta.<\/p>","protected":false},"author":8,"featured_media":0,"parent":0,"menu_order":0,"comment_status":"closed","ping_status":"closed","template":"","meta":{"_monsterinsights_skip_tracking":false,"_monsterinsights_sitenote_active":false,"_monsterinsights_sitenote_note":"","_monsterinsights_sitenote_category":0,"site-sidebar-layout":"default","site-content-layout":"","ast-site-content-layout":"default","site-content-style":"default","site-sidebar-style":"default","ast-global-header-display":"","ast-banner-title-visibility":"","ast-main-header-display":"","ast-hfb-above-header-display":"","ast-hfb-below-header-display":"","ast-hfb-mobile-header-display":"","site-post-title":"","ast-breadcrumbs-content":"","ast-featured-img":"","footer-sml-layout":"","ast-disable-related-posts":"","theme-transparent-header-meta":"","adv-header-id-meta":"","stick-header-meta":"","header-above-stick-meta":"","header-main-stick-meta":"","header-below-stick-meta":"","astra-migrate-meta-layouts":"set","ast-page-background-enabled":"default","ast-page-background-meta":{"desktop":{"background-color":"","background-image":"","background-repeat":"repeat","background-position":"center center","background-size":"auto","background-attachment":"scroll","background-type":"","background-media":"","overlay-type":"","overlay-color":"","overlay-opacity":"","overlay-gradient":""},"tablet":{"background-color":"","background-image":"","background-repeat":"repeat","background-position":"center center","background-size":"auto","background-attachment":"scroll","background-type":"","background-media":"","overlay-type":"","overlay-color":"","overlay-opacity":"","overlay-gradient":""},"mobile":{"background-color":"","background-image":"","background-repeat":"repeat","background-position":"center center","background-size":"auto","background-attachment":"scroll","background-type":"","background-media":"","overlay-type":"","overlay-color":"","overlay-opacity":"","overlay-gradient":""}},"ast-content-background-meta":{"desktop":{"background-color":"var(--ast-global-color-5)","background-image":"","background-repeat":"repeat","background-position":"center center","background-size":"auto","background-attachment":"scroll","background-type":"","background-media":"","overlay-type":"","overlay-color":"","overlay-opacity":"","overlay-gradient":""},"tablet":{"background-color":"var(--ast-global-color-5)","background-image":"","background-repeat":"repeat","background-position":"center center","background-size":"auto","background-attachment":"scroll","background-type":"","background-media":"","overlay-type":"","overlay-color":"","overlay-opacity":"","overlay-gradient":""},"mobile":{"background-color":"var(--ast-global-color-5)","background-image":"","background-repeat":"repeat","background-position":"center center","background-size":"auto","background-attachment":"scroll","background-type":"","background-media":"","overlay-type":"","overlay-color":"","overlay-opacity":"","overlay-gradient":""}},"footnotes":""},"class_list":["post-3594","page","type-page","status-publish","hentry"],"yoast_head":"<!-- This site is optimized with the Yoast SEO plugin v27.3 - https:\/\/yoast.com\/product\/yoast-seo-wordpress\/ -->\n<title>Contact us via a form - JobNord<\/title>\n<meta name=\"robots\" content=\"index, follow, max-snippet:-1, max-image-preview:large, max-video-preview:-1\" \/>\n<link rel=\"canonical\" href=\"https:\/\/jobnord.fi\/fi\/ota-meihin-yhteytta-lomakkeen-kautta\/\" \/>\n<meta property=\"og:locale\" content=\"fi_FI\" \/>\n<meta property=\"og:type\" content=\"article\" \/>\n<meta property=\"og:title\" content=\"Contact us via a form - JobNord\" \/>\n<meta property=\"og:description\" content=\"You can find more information about the processing of personal data in the privacy statement.\" \/>\n<meta property=\"og:url\" content=\"https:\/\/jobnord.fi\/fi\/ota-meihin-yhteytta-lomakkeen-kautta\/\" \/>\n<meta property=\"og:site_name\" content=\"JobNord\" \/>\n<meta property=\"article:publisher\" content=\"https:\/\/www.facebook.com\/jobnordfi\" \/>\n<meta property=\"article:modified_time\" content=\"2025-02-03T13:03:47+00:00\" \/>\n<meta property=\"og:image\" content=\"https:\/\/jobnord.fi\/wp-content\/uploads\/2022\/09\/front-view-male-chef-posing-with-arms-crossed-kitchen-scaled.jpg\" \/>\n\t<meta property=\"og:image:width\" content=\"2560\" \/>\n\t<meta property=\"og:image:height\" content=\"1828\" \/>\n\t<meta property=\"og:image:type\" content=\"image\/jpeg\" \/>\n<meta name=\"twitter:card\" content=\"summary_large_image\" \/>\n<meta name=\"twitter:label1\" content=\"Arvioitu lukuaika\" \/>\n\t<meta name=\"twitter:data1\" content=\"1 minuutti\" \/>\n<script type=\"application\/ld+json\" class=\"yoast-schema-graph\">{\"@context\":\"https:\\\/\\\/schema.org\",\"@graph\":[{\"@type\":\"WebPage\",\"@id\":\"https:\\\/\\\/jobnord.fi\\\/contact-us-via-a-form\\\/\",\"url\":\"https:\\\/\\\/jobnord.fi\\\/contact-us-via-a-form\\\/\",\"name\":\"Contact us via a form - JobNord\",\"isPartOf\":{\"@id\":\"https:\\\/\\\/jobnord.fi\\\/#website\"},\"datePublished\":\"2025-02-03T10:53:08+00:00\",\"dateModified\":\"2025-02-03T13:03:47+00:00\",\"breadcrumb\":{\"@id\":\"https:\\\/\\\/jobnord.fi\\\/contact-us-via-a-form\\\/#breadcrumb\"},\"inLanguage\":\"fi\",\"potentialAction\":[{\"@type\":\"ReadAction\",\"target\":[\"https:\\\/\\\/jobnord.fi\\\/contact-us-via-a-form\\\/\"]}]},{\"@type\":\"BreadcrumbList\",\"@id\":\"https:\\\/\\\/jobnord.fi\\\/contact-us-via-a-form\\\/#breadcrumb\",\"itemListElement\":[{\"@type\":\"ListItem\",\"position\":1,\"name\":\"Home\",\"item\":\"https:\\\/\\\/jobnord.fi\\\/\"},{\"@type\":\"ListItem\",\"position\":2,\"name\":\"Contact us via a form\"}]},{\"@type\":\"WebSite\",\"@id\":\"https:\\\/\\\/jobnord.fi\\\/#website\",\"url\":\"https:\\\/\\\/jobnord.fi\\\/\",\"name\":\"JobNord\",\"description\":\"L&ouml;yd&auml; oikeat ty&ouml;ntekij&auml;t oikeisiin teht&auml;viin &ndash; kansainv&auml;liset ty&ouml;voimaratkaisut ja henkil&ouml;st&ouml;palvelut Suomessa.\",\"publisher\":{\"@id\":\"https:\\\/\\\/jobnord.fi\\\/#organization\"},\"potentialAction\":[{\"@type\":\"SearchAction\",\"target\":{\"@type\":\"EntryPoint\",\"urlTemplate\":\"https:\\\/\\\/jobnord.fi\\\/?s={search_term_string}\"},\"query-input\":{\"@type\":\"PropertyValueSpecification\",\"valueRequired\":true,\"valueName\":\"search_term_string\"}}],\"inLanguage\":\"fi\"},{\"@type\":\"Organization\",\"@id\":\"https:\\\/\\\/jobnord.fi\\\/#organization\",\"name\":\"JobNord\",\"url\":\"https:\\\/\\\/jobnord.fi\\\/\",\"logo\":{\"@type\":\"ImageObject\",\"inLanguage\":\"fi\",\"@id\":\"https:\\\/\\\/jobnord.fi\\\/#\\\/schema\\\/logo\\\/image\\\/\",\"url\":\"https:\\\/\\\/jobnord.fi\\\/wp-content\\\/uploads\\\/2023\\\/01\\\/JobNord-logo-taustata-1.png\",\"contentUrl\":\"https:\\\/\\\/jobnord.fi\\\/wp-content\\\/uploads\\\/2023\\\/01\\\/JobNord-logo-taustata-1.png\",\"width\":5280,\"height\":1100,\"caption\":\"JobNord\"},\"image\":{\"@id\":\"https:\\\/\\\/jobnord.fi\\\/#\\\/schema\\\/logo\\\/image\\\/\"},\"sameAs\":[\"https:\\\/\\\/www.facebook.com\\\/jobnordfi\",\"https:\\\/\\\/www.instagram.com\\\/jobnordfin\\\/\"]}]}<\/script>\n<!-- \/ Yoast SEO plugin. -->","yoast_head_json":{"title":"Ota yhteytt\u00e4 lomakkeen kautta - JobNord","robots":{"index":"index","follow":"follow","max-snippet":"max-snippet:-1","max-image-preview":"max-image-preview:large","max-video-preview":"max-video-preview:-1"},"canonical":"https:\/\/jobnord.fi\/fi\/ota-meihin-yhteytta-lomakkeen-kautta\/","og_locale":"fi_FI","og_type":"article","og_title":"Contact us via a form - JobNord","og_description":"You can find more information about the processing of personal data in the privacy statement.","og_url":"https:\/\/jobnord.fi\/fi\/ota-meihin-yhteytta-lomakkeen-kautta\/","og_site_name":"JobNord","article_publisher":"https:\/\/www.facebook.com\/jobnordfi","article_modified_time":"2025-02-03T13:03:47+00:00","og_image":[{"width":2560,"height":1828,"url":"https:\/\/jobnord.fi\/wp-content\/uploads\/2022\/09\/front-view-male-chef-posing-with-arms-crossed-kitchen-scaled.jpg","type":"image\/jpeg"}],"twitter_card":"summary_large_image","twitter_misc":{"Arvioitu lukuaika":"1 minuutti"},"schema":{"@context":"https:\/\/schema.org","@graph":[{"@type":"WebPage","@id":"https:\/\/jobnord.fi\/contact-us-via-a-form\/","url":"https:\/\/jobnord.fi\/contact-us-via-a-form\/","name":"Ota yhteytt\u00e4 lomakkeen kautta - JobNord","isPartOf":{"@id":"https:\/\/jobnord.fi\/#website"},"datePublished":"2025-02-03T10:53:08+00:00","dateModified":"2025-02-03T13:03:47+00:00","breadcrumb":{"@id":"https:\/\/jobnord.fi\/contact-us-via-a-form\/#breadcrumb"},"inLanguage":"fi","potentialAction":[{"@type":"ReadAction","target":["https:\/\/jobnord.fi\/contact-us-via-a-form\/"]}]},{"@type":"BreadcrumbList","@id":"https:\/\/jobnord.fi\/contact-us-via-a-form\/#breadcrumb","itemListElement":[{"@type":"ListItem","position":1,"name":"Home","item":"https:\/\/jobnord.fi\/"},{"@type":"ListItem","position":2,"name":"Contact us via a form"}]},{"@type":"WebSite","@id":"https:\/\/jobnord.fi\/#website","url":"https:\/\/jobnord.fi\/","name":"JobNord","description":"L\u00f6yd\u00e4 oikeat ty\u00f6ntekij\u00e4t oikeisiin teht\u00e4viin - kansainv\u00e4liset ty\u00f6voimaratkaisut ja henkil\u00f6st\u00f6palvelut Suomessa.","publisher":{"@id":"https:\/\/jobnord.fi\/#organization"},"potentialAction":[{"@type":"SearchAction","target":{"@type":"EntryPoint","urlTemplate":"https:\/\/jobnord.fi\/?s={search_term_string}"},"query-input":{"@type":"PropertyValueSpecification","valueRequired":true,"valueName":"search_term_string"}}],"inLanguage":"fi"},{"@type":"Organization","@id":"https:\/\/jobnord.fi\/#organization","name":"JobNord","url":"https:\/\/jobnord.fi\/","logo":{"@type":"ImageObject","inLanguage":"fi","@id":"https:\/\/jobnord.fi\/#\/schema\/logo\/image\/","url":"https:\/\/jobnord.fi\/wp-content\/uploads\/2023\/01\/JobNord-logo-taustata-1.png","contentUrl":"https:\/\/jobnord.fi\/wp-content\/uploads\/2023\/01\/JobNord-logo-taustata-1.png","width":5280,"height":1100,"caption":"JobNord"},"image":{"@id":"https:\/\/jobnord.fi\/#\/schema\/logo\/image\/"},"sameAs":["https:\/\/www.facebook.com\/jobnordfi","https:\/\/www.instagram.com\/jobnordfin\/"]}]}},"_links":{"self":[{"href":"https:\/\/jobnord.fi\/fi\/wp-json\/wp\/v2\/pages\/3594","targetHints":{"allow":["GET"]}}],"collection":[{"href":"https:\/\/jobnord.fi\/fi\/wp-json\/wp\/v2\/pages"}],"about":[{"href":"https:\/\/jobnord.fi\/fi\/wp-json\/wp\/v2\/types\/page"}],"author":[{"embeddable":true,"href":"https:\/\/jobnord.fi\/fi\/wp-json\/wp\/v2\/users\/8"}],"replies":[{"embeddable":true,"href":"https:\/\/jobnord.fi\/fi\/wp-json\/wp\/v2\/comments?post=3594"}],"version-history":[{"count":10,"href":"https:\/\/jobnord.fi\/fi\/wp-json\/wp\/v2\/pages\/3594\/revisions"}],"predecessor-version":[{"id":3655,"href":"https:\/\/jobnord.fi\/fi\/wp-json\/wp\/v2\/pages\/3594\/revisions\/3655"}],"wp:attachment":[{"href":"https:\/\/jobnord.fi\/fi\/wp-json\/wp\/v2\/media?parent=3594"}],"curies":[{"name":"wp","href":"https:\/\/api.w.org\/{rel}","templated":true}]}}