{"id":967,"date":"2018-10-01T13:10:34","date_gmt":"2018-10-01T13:10:34","guid":{"rendered":"https:\/\/jobnord.fi\/contact-us\/"},"modified":"2025-10-03T11:14:32","modified_gmt":"2025-10-03T08:14:32","slug":"ota-yhteytta","status":"publish","type":"page","link":"https:\/\/jobnord.fi\/fi\/ota-yhteytta\/","title":{"rendered":"Ota yhteytt\u00e4"},"content":{"rendered":"<div data-elementor-type=\"wp-post\" data-elementor-id=\"967\" class=\"elementor elementor-967\">\n\t\t\t\t<div class=\"elementor-element elementor-element-9db121e e-flex e-con-boxed e-con e-parent\" data-id=\"9db121e\" data-element_type=\"container\" data-e-type=\"container\">\n\t\t\t\t\t<div class=\"e-con-inner\">\n\t\t\t\t<div class=\"elementor-element elementor-element-f4ccdaf elementor-widget elementor-widget-spacer\" data-id=\"f4ccdaf\" data-element_type=\"widget\" data-e-type=\"widget\" data-widget_type=\"spacer.default\">\n\t\t\t\t<div class=\"elementor-widget-container\">\n\t\t\t\t\t\t\t<div class=\"elementor-spacer\">\n\t\t\t<div class=\"elementor-spacer-inner\"><\/div>\n\t\t<\/div>\n\t\t\t\t\t\t<\/div>\n\t\t\t\t<\/div>\n\t\t\t\t\t<\/div>\n\t\t\t\t<\/div>\n\t\t<div class=\"elementor-element elementor-element-3205307 e-flex e-con-boxed e-con e-parent\" data-id=\"3205307\" data-element_type=\"container\" data-e-type=\"container\">\n\t\t\t\t\t<div class=\"e-con-inner\">\n\t\t<div class=\"elementor-element elementor-element-e561a04 e-con-full e-flex e-con e-child\" data-id=\"e561a04\" data-element_type=\"container\" data-e-type=\"container\">\n\t\t\t\t<div class=\"elementor-element elementor-element-863acb5 elementor-widget elementor-widget-image\" data-id=\"863acb5\" data-element_type=\"widget\" data-e-type=\"widget\" data-widget_type=\"image.default\">\n\t\t\t\t<div class=\"elementor-widget-container\">\n\t\t\t\t\t\t\t\t\t\t\t\t\t\t\t<img fetchpriority=\"high\" decoding=\"async\" width=\"391\" height=\"378\" src=\"https:\/\/jobnord.fi\/wp-content\/uploads\/2025\/09\/Contact-info-kuva.png\" class=\"attachment-large size-large wp-image-4562\" alt=\"Nainen pit\u00e4\u00e4 puhelinta\" srcset=\"https:\/\/jobnord.fi\/wp-content\/uploads\/2025\/09\/Contact-info-kuva.png 391w, https:\/\/jobnord.fi\/wp-content\/uploads\/2025\/09\/Contact-info-kuva-300x290.png 300w, https:\/\/jobnord.fi\/wp-content\/uploads\/2025\/09\/Contact-info-kuva-12x12.png 12w\" sizes=\"(max-width: 391px) 100vw, 391px\" \/>\t\t\t\t\t\t\t\t\t\t\t\t\t\t\t<\/div>\n\t\t\t\t<\/div>\n\t\t\t\t<\/div>\n\t\t<div class=\"elementor-element elementor-element-d6df820 e-con-full e-flex e-con e-child\" data-id=\"d6df820\" data-element_type=\"container\" data-e-type=\"container\">\n\t\t<div class=\"elementor-element elementor-element-df0c0dd e-con-full e-flex e-con e-child\" data-id=\"df0c0dd\" data-element_type=\"container\" data-e-type=\"container\">\n\t\t<div class=\"elementor-element elementor-element-0c042b2 e-con-full e-flex e-con e-child\" data-id=\"0c042b2\" data-element_type=\"container\" data-e-type=\"container\">\n\t\t\t\t<div class=\"elementor-element elementor-element-0053a25 elementor-widget elementor-widget-text-editor\" data-id=\"0053a25\" data-element_type=\"widget\" data-e-type=\"widget\" data-widget_type=\"text-editor.default\">\n\t\t\t\t<div class=\"elementor-widget-container\">\n\t\t\t\t\t\t\t\t\t<h2><strong>Yhteystiedot<\/strong><\/h2>\t\t\t\t\t\t\t\t<\/div>\n\t\t\t\t<\/div>\n\t\t\t\t<\/div>\n\t\t\t\t<\/div>\n\t\t<div class=\"elementor-element elementor-element-30a9847 e-con-full e-grid e-con e-child\" data-id=\"30a9847\" data-element_type=\"container\" data-e-type=\"container\">\n\t\t<div class=\"elementor-element elementor-element-f04edcd e-grid e-con-full e-con e-child\" data-id=\"f04edcd\" data-element_type=\"container\" data-e-type=\"container\">\n\t\t\t\t<div class=\"elementor-element elementor-element-96d620a elementor-widget__width-initial elementor-widget elementor-widget-image\" data-id=\"96d620a\" data-element_type=\"widget\" data-e-type=\"widget\" data-widget_type=\"image.default\">\n\t\t\t\t<div class=\"elementor-widget-container\">\n\t\t\t\t\t\t\t\t\t\t\t\t\t\t\t<img decoding=\"async\" width=\"177\" height=\"177\" src=\"https:\/\/jobnord.fi\/wp-content\/uploads\/2025\/09\/PUHELIN-KUVA.png\" class=\"attachment-large size-large wp-image-4564\" alt=\"puhelimen logo\" srcset=\"https:\/\/jobnord.fi\/wp-content\/uploads\/2025\/09\/PUHELIN-KUVA.png 177w, https:\/\/jobnord.fi\/wp-content\/uploads\/2025\/09\/PUHELIN-KUVA-150x150.png 150w, https:\/\/jobnord.fi\/wp-content\/uploads\/2025\/09\/PUHELIN-KUVA-12x12.png 12w\" sizes=\"(max-width: 177px) 100vw, 177px\" \/>\t\t\t\t\t\t\t\t\t\t\t\t\t\t\t<\/div>\n\t\t\t\t<\/div>\n\t\t\t\t<div class=\"elementor-element elementor-element-2a4d75f elementor-widget__width-initial elementor-absolute elementor-widget elementor-widget-text-editor\" data-id=\"2a4d75f\" data-element_type=\"widget\" data-e-type=\"widget\" data-settings=\"{&quot;_position&quot;:&quot;absolute&quot;}\" data-widget_type=\"text-editor.default\">\n\t\t\t\t<div class=\"elementor-widget-container\">\n\t\t\t\t\t\t\t\t\t<h2><strong>+358 44 744 8958<\/strong><\/h2>\t\t\t\t\t\t\t\t<\/div>\n\t\t\t\t<\/div>\n\t\t\t\t<\/div>\n\t\t<div class=\"elementor-element elementor-element-bd5f293 e-con-full e-flex e-con e-child\" data-id=\"bd5f293\" data-element_type=\"container\" data-e-type=\"container\">\n\t\t<div class=\"elementor-element elementor-element-6fcbfe5 e-con-full e-grid e-con e-child\" data-id=\"6fcbfe5\" data-element_type=\"container\" data-e-type=\"container\">\n\t\t\t\t<div class=\"elementor-element elementor-element-12aa6ef elementor-widget__width-initial elementor-widget elementor-widget-image\" data-id=\"12aa6ef\" data-element_type=\"widget\" data-e-type=\"widget\" data-widget_type=\"image.default\">\n\t\t\t\t<div class=\"elementor-widget-container\">\n\t\t\t\t\t\t\t\t\t\t\t\t\t\t\t<img decoding=\"async\" width=\"178\" height=\"178\" src=\"https:\/\/jobnord.fi\/wp-content\/uploads\/2025\/09\/mail-kuva.png\" class=\"attachment-large size-large wp-image-4563\" alt=\"s\u00e4hk\u00f6postikuvake\" srcset=\"https:\/\/jobnord.fi\/wp-content\/uploads\/2025\/09\/mail-kuva.png 178w, https:\/\/jobnord.fi\/wp-content\/uploads\/2025\/09\/mail-kuva-150x150.png 150w, https:\/\/jobnord.fi\/wp-content\/uploads\/2025\/09\/mail-kuva-12x12.png 12w\" sizes=\"(max-width: 178px) 100vw, 178px\" \/>\t\t\t\t\t\t\t\t\t\t\t\t\t\t\t<\/div>\n\t\t\t\t<\/div>\n\t\t\t\t<div class=\"elementor-element elementor-element-b804584 elementor-absolute elementor-widget elementor-widget-text-editor\" data-id=\"b804584\" data-element_type=\"widget\" data-e-type=\"widget\" data-settings=\"{&quot;_position&quot;:&quot;absolute&quot;}\" data-widget_type=\"text-editor.default\">\n\t\t\t\t<div class=\"elementor-widget-container\">\n\t\t\t\t\t\t\t\t\t<h2><strong>info@jobnord.fi<\/strong><\/h2>\t\t\t\t\t\t\t\t<\/div>\n\t\t\t\t<\/div>\n\t\t\t\t<\/div>\n\t\t\t\t<\/div>\n\t\t\t\t<\/div>\n\t\t\t\t<\/div>\n\t\t\t\t\t<\/div>\n\t\t\t\t<\/div>\n\t\t<div class=\"elementor-element elementor-element-778741b e-flex e-con-boxed e-con e-parent\" data-id=\"778741b\" data-element_type=\"container\" data-e-type=\"container\">\n\t\t\t\t\t<div class=\"e-con-inner\">\n\t\t\t\t<div class=\"elementor-element elementor-element-3c0e6b8 elementor-widget elementor-widget-text-editor\" data-id=\"3c0e6b8\" data-element_type=\"widget\" data-e-type=\"widget\" data-widget_type=\"text-editor.default\">\n\t\t\t\t<div class=\"elementor-widget-container\">\n\t\t\t\t\t\t\t\t\t<p><strong>Maanantai  \u2013 Perjantai 07.00  \u2013 17.00\u00a0<\/strong><\/p><p><strong>Lauantai 10.00  \u2013 15.00\u00a0<\/strong><\/p><p><strong>Vastaamme sinulle viimeist\u00e4\u00e4n seuraavan ty\u00f6p\u00e4iv\u00e4n aamuna.<\/strong><\/p>\t\t\t\t\t\t\t\t<\/div>\n\t\t\t\t<\/div>\n\t\t\t\t\t<\/div>\n\t\t\t\t<\/div>\n\t\t<div class=\"elementor-element elementor-element-0b00e12 e-flex e-con-boxed e-con e-parent\" data-id=\"0b00e12\" data-element_type=\"container\" data-e-type=\"container\">\n\t\t\t\t\t<div class=\"e-con-inner\">\n\t\t\t\t<div class=\"elementor-element elementor-element-792e5fd elementor-widget elementor-widget-spacer\" data-id=\"792e5fd\" data-element_type=\"widget\" data-e-type=\"widget\" data-widget_type=\"spacer.default\">\n\t\t\t\t<div class=\"elementor-widget-container\">\n\t\t\t\t\t\t\t<div class=\"elementor-spacer\">\n\t\t\t<div class=\"elementor-spacer-inner\"><\/div>\n\t\t<\/div>\n\t\t\t\t\t\t<\/div>\n\t\t\t\t<\/div>\n\t\t\t\t\t<\/div>\n\t\t\t\t<\/div>\n\t\t\t\t<\/div>","protected":false},"excerpt":{"rendered":"<p>Yhteystiedot +358 44 744 8958 info@jobnord.fi Maanantai - perjantai 7.00 - 17.00 Lauantai 10.00 - 15.00 Otamme sinuun yhteytt\u00e4 viimeist\u00e4\u00e4n seuraavan ty\u00f6p\u00e4iv\u00e4n aamuna.<\/p>","protected":false},"author":1,"featured_media":0,"parent":0,"menu_order":3,"comment_status":"closed","ping_status":"closed","template":"","meta":{"_monsterinsights_skip_tracking":false,"_monsterinsights_sitenote_active":false,"_monsterinsights_sitenote_note":"","_monsterinsights_sitenote_category":0,"site-sidebar-layout":"no-sidebar","site-content-layout":"page-builder","ast-site-content-layout":"default","site-content-style":"default","site-sidebar-style":"default","ast-global-header-display":"","ast-banner-title-visibility":"","ast-main-header-display":"","ast-hfb-above-header-display":"","ast-hfb-below-header-display":"","ast-hfb-mobile-header-display":"","site-post-title":"disabled","ast-breadcrumbs-content":"","ast-featured-img":"disabled","footer-sml-layout":"","ast-disable-related-posts":"","theme-transparent-header-meta":"","adv-header-id-meta":"","stick-header-meta":"","header-above-stick-meta":"","header-main-stick-meta":"","header-below-stick-meta":"","astra-migrate-meta-layouts":"default","ast-page-background-enabled":"default","ast-page-background-meta":{"desktop":{"background-color":"","background-image":"","background-repeat":"repeat","background-position":"center center","background-size":"auto","background-attachment":"scroll","background-type":"","background-media":"","overlay-type":"","overlay-color":"","overlay-opacity":"","overlay-gradient":""},"tablet":{"background-color":"","background-image":"","background-repeat":"repeat","background-position":"center center","background-size":"auto","background-attachment":"scroll","background-type":"","background-media":"","overlay-type":"","overlay-color":"","overlay-opacity":"","overlay-gradient":""},"mobile":{"background-color":"","background-image":"","background-repeat":"repeat","background-position":"center center","background-size":"auto","background-attachment":"scroll","background-type":"","background-media":"","overlay-type":"","overlay-color":"","overlay-opacity":"","overlay-gradient":""}},"ast-content-background-meta":{"desktop":{"background-color":"var(--ast-global-color-5)","background-image":"","background-repeat":"repeat","background-position":"center center","background-size":"auto","background-attachment":"scroll","background-type":"","background-media":"","overlay-type":"","overlay-color":"","overlay-opacity":"","overlay-gradient":""},"tablet":{"background-color":"var(--ast-global-color-5)","background-image":"","background-repeat":"repeat","background-position":"center center","background-size":"auto","background-attachment":"scroll","background-type":"","background-media":"","overlay-type":"","overlay-color":"","overlay-opacity":"","overlay-gradient":""},"mobile":{"background-color":"var(--ast-global-color-5)","background-image":"","background-repeat":"repeat","background-position":"center center","background-size":"auto","background-attachment":"scroll","background-type":"","background-media":"","overlay-type":"","overlay-color":"","overlay-opacity":"","overlay-gradient":""}},"footnotes":""},"class_list":["post-967","page","type-page","status-publish","hentry"],"yoast_head":"<!-- This site is optimized with the Yoast SEO plugin v27.3 - https:\/\/yoast.com\/product\/yoast-seo-wordpress\/ -->\n<title>Contact Us - JobNord<\/title>\n<meta name=\"robots\" content=\"index, follow, max-snippet:-1, max-image-preview:large, max-video-preview:-1\" \/>\n<link rel=\"canonical\" href=\"https:\/\/jobnord.fi\/fi\/ota-yhteytta\/\" \/>\n<meta property=\"og:locale\" content=\"fi_FI\" \/>\n<meta property=\"og:type\" content=\"article\" \/>\n<meta property=\"og:title\" content=\"Contact Us - JobNord\" \/>\n<meta property=\"og:description\" content=\"Contact Information +358 44 744 8958 info@jobnord.fi Monday &#8211; Friday\u00a0 \u00a0 7 AM &#8211; 5 PM\u00a0 Saturday\u00a0\u00a0\u00a0 10 AM &#8211; 3 PM\u00a0 We will get back to you latest on the morning of next business day.\" \/>\n<meta property=\"og:url\" content=\"https:\/\/jobnord.fi\/fi\/ota-yhteytta\/\" \/>\n<meta property=\"og:site_name\" content=\"JobNord\" \/>\n<meta property=\"article:publisher\" content=\"https:\/\/www.facebook.com\/jobnordfi\" \/>\n<meta property=\"article:modified_time\" content=\"2025-10-03T08:14:32+00:00\" \/>\n<meta property=\"og:image\" content=\"https:\/\/jobnord.fi\/wp-content\/uploads\/2025\/09\/Contact-info-kuva.png\" \/>\n<meta name=\"twitter:card\" content=\"summary_large_image\" \/>\n<meta name=\"twitter:label1\" content=\"Arvioitu lukuaika\" \/>\n\t<meta name=\"twitter:data1\" content=\"1 minuutti\" \/>\n<script type=\"application\/ld+json\" class=\"yoast-schema-graph\">{\"@context\":\"https:\\\/\\\/schema.org\",\"@graph\":[{\"@type\":\"WebPage\",\"@id\":\"https:\\\/\\\/jobnord.fi\\\/contact-us\\\/\",\"url\":\"https:\\\/\\\/jobnord.fi\\\/contact-us\\\/\",\"name\":\"Contact Us - JobNord\",\"isPartOf\":{\"@id\":\"https:\\\/\\\/jobnord.fi\\\/#website\"},\"primaryImageOfPage\":{\"@id\":\"https:\\\/\\\/jobnord.fi\\\/contact-us\\\/#primaryimage\"},\"image\":{\"@id\":\"https:\\\/\\\/jobnord.fi\\\/contact-us\\\/#primaryimage\"},\"thumbnailUrl\":\"https:\\\/\\\/jobnord.fi\\\/wp-content\\\/uploads\\\/2025\\\/09\\\/Contact-info-kuva.png\",\"datePublished\":\"2018-10-01T13:10:34+00:00\",\"dateModified\":\"2025-10-03T08:14:32+00:00\",\"breadcrumb\":{\"@id\":\"https:\\\/\\\/jobnord.fi\\\/contact-us\\\/#breadcrumb\"},\"inLanguage\":\"fi\",\"potentialAction\":[{\"@type\":\"ReadAction\",\"target\":[\"https:\\\/\\\/jobnord.fi\\\/contact-us\\\/\"]}]},{\"@type\":\"ImageObject\",\"inLanguage\":\"fi\",\"@id\":\"https:\\\/\\\/jobnord.fi\\\/contact-us\\\/#primaryimage\",\"url\":\"https:\\\/\\\/jobnord.fi\\\/wp-content\\\/uploads\\\/2025\\\/09\\\/Contact-info-kuva.png\",\"contentUrl\":\"https:\\\/\\\/jobnord.fi\\\/wp-content\\\/uploads\\\/2025\\\/09\\\/Contact-info-kuva.png\"},{\"@type\":\"BreadcrumbList\",\"@id\":\"https:\\\/\\\/jobnord.fi\\\/contact-us\\\/#breadcrumb\",\"itemListElement\":[{\"@type\":\"ListItem\",\"position\":1,\"name\":\"Home\",\"item\":\"https:\\\/\\\/jobnord.fi\\\/\"},{\"@type\":\"ListItem\",\"position\":2,\"name\":\"Contact Us\"}]},{\"@type\":\"WebSite\",\"@id\":\"https:\\\/\\\/jobnord.fi\\\/#website\",\"url\":\"https:\\\/\\\/jobnord.fi\\\/\",\"name\":\"JobNord\",\"description\":\"L&ouml;yd&auml; oikeat ty&ouml;ntekij&auml;t oikeisiin teht&auml;viin &ndash; kansainv&auml;liset ty&ouml;voimaratkaisut ja henkil&ouml;st&ouml;palvelut Suomessa.\",\"publisher\":{\"@id\":\"https:\\\/\\\/jobnord.fi\\\/#organization\"},\"potentialAction\":[{\"@type\":\"SearchAction\",\"target\":{\"@type\":\"EntryPoint\",\"urlTemplate\":\"https:\\\/\\\/jobnord.fi\\\/?s={search_term_string}\"},\"query-input\":{\"@type\":\"PropertyValueSpecification\",\"valueRequired\":true,\"valueName\":\"search_term_string\"}}],\"inLanguage\":\"fi\"},{\"@type\":\"Organization\",\"@id\":\"https:\\\/\\\/jobnord.fi\\\/#organization\",\"name\":\"JobNord\",\"url\":\"https:\\\/\\\/jobnord.fi\\\/\",\"logo\":{\"@type\":\"ImageObject\",\"inLanguage\":\"fi\",\"@id\":\"https:\\\/\\\/jobnord.fi\\\/#\\\/schema\\\/logo\\\/image\\\/\",\"url\":\"https:\\\/\\\/jobnord.fi\\\/wp-content\\\/uploads\\\/2023\\\/01\\\/JobNord-logo-taustata-1.png\",\"contentUrl\":\"https:\\\/\\\/jobnord.fi\\\/wp-content\\\/uploads\\\/2023\\\/01\\\/JobNord-logo-taustata-1.png\",\"width\":5280,\"height\":1100,\"caption\":\"JobNord\"},\"image\":{\"@id\":\"https:\\\/\\\/jobnord.fi\\\/#\\\/schema\\\/logo\\\/image\\\/\"},\"sameAs\":[\"https:\\\/\\\/www.facebook.com\\\/jobnordfi\",\"https:\\\/\\\/www.instagram.com\\\/jobnordfin\\\/\"]}]}<\/script>\n<!-- \/ Yoast SEO plugin. -->","yoast_head_json":{"title":"Ota yhteytt\u00e4 - JobNord","robots":{"index":"index","follow":"follow","max-snippet":"max-snippet:-1","max-image-preview":"max-image-preview:large","max-video-preview":"max-video-preview:-1"},"canonical":"https:\/\/jobnord.fi\/fi\/ota-yhteytta\/","og_locale":"fi_FI","og_type":"article","og_title":"Contact Us - JobNord","og_description":"Contact Information +358 44 744 8958 info@jobnord.fi Monday &#8211; Friday\u00a0 \u00a0 7 AM &#8211; 5 PM\u00a0 Saturday\u00a0\u00a0\u00a0 10 AM &#8211; 3 PM\u00a0 We will get back to you latest on the morning of next business day.","og_url":"https:\/\/jobnord.fi\/fi\/ota-yhteytta\/","og_site_name":"JobNord","article_publisher":"https:\/\/www.facebook.com\/jobnordfi","article_modified_time":"2025-10-03T08:14:32+00:00","og_image":[{"url":"https:\/\/jobnord.fi\/wp-content\/uploads\/2025\/09\/Contact-info-kuva.png","type":"","width":"","height":""}],"twitter_card":"summary_large_image","twitter_misc":{"Arvioitu lukuaika":"1 minuutti"},"schema":{"@context":"https:\/\/schema.org","@graph":[{"@type":"WebPage","@id":"https:\/\/jobnord.fi\/contact-us\/","url":"https:\/\/jobnord.fi\/contact-us\/","name":"Ota yhteytt\u00e4 - JobNord","isPartOf":{"@id":"https:\/\/jobnord.fi\/#website"},"primaryImageOfPage":{"@id":"https:\/\/jobnord.fi\/contact-us\/#primaryimage"},"image":{"@id":"https:\/\/jobnord.fi\/contact-us\/#primaryimage"},"thumbnailUrl":"https:\/\/jobnord.fi\/wp-content\/uploads\/2025\/09\/Contact-info-kuva.png","datePublished":"2018-10-01T13:10:34+00:00","dateModified":"2025-10-03T08:14:32+00:00","breadcrumb":{"@id":"https:\/\/jobnord.fi\/contact-us\/#breadcrumb"},"inLanguage":"fi","potentialAction":[{"@type":"ReadAction","target":["https:\/\/jobnord.fi\/contact-us\/"]}]},{"@type":"ImageObject","inLanguage":"fi","@id":"https:\/\/jobnord.fi\/contact-us\/#primaryimage","url":"https:\/\/jobnord.fi\/wp-content\/uploads\/2025\/09\/Contact-info-kuva.png","contentUrl":"https:\/\/jobnord.fi\/wp-content\/uploads\/2025\/09\/Contact-info-kuva.png"},{"@type":"BreadcrumbList","@id":"https:\/\/jobnord.fi\/contact-us\/#breadcrumb","itemListElement":[{"@type":"ListItem","position":1,"name":"Home","item":"https:\/\/jobnord.fi\/"},{"@type":"ListItem","position":2,"name":"Contact Us"}]},{"@type":"WebSite","@id":"https:\/\/jobnord.fi\/#website","url":"https:\/\/jobnord.fi\/","name":"JobNord","description":"L\u00f6yd\u00e4 oikeat ty\u00f6ntekij\u00e4t oikeisiin teht\u00e4viin - kansainv\u00e4liset ty\u00f6voimaratkaisut ja henkil\u00f6st\u00f6palvelut Suomessa.","publisher":{"@id":"https:\/\/jobnord.fi\/#organization"},"potentialAction":[{"@type":"SearchAction","target":{"@type":"EntryPoint","urlTemplate":"https:\/\/jobnord.fi\/?s={search_term_string}"},"query-input":{"@type":"PropertyValueSpecification","valueRequired":true,"valueName":"search_term_string"}}],"inLanguage":"fi"},{"@type":"Organization","@id":"https:\/\/jobnord.fi\/#organization","name":"JobNord","url":"https:\/\/jobnord.fi\/","logo":{"@type":"ImageObject","inLanguage":"fi","@id":"https:\/\/jobnord.fi\/#\/schema\/logo\/image\/","url":"https:\/\/jobnord.fi\/wp-content\/uploads\/2023\/01\/JobNord-logo-taustata-1.png","contentUrl":"https:\/\/jobnord.fi\/wp-content\/uploads\/2023\/01\/JobNord-logo-taustata-1.png","width":5280,"height":1100,"caption":"JobNord"},"image":{"@id":"https:\/\/jobnord.fi\/#\/schema\/logo\/image\/"},"sameAs":["https:\/\/www.facebook.com\/jobnordfi","https:\/\/www.instagram.com\/jobnordfin\/"]}]}},"_links":{"self":[{"href":"https:\/\/jobnord.fi\/fi\/wp-json\/wp\/v2\/pages\/967","targetHints":{"allow":["GET"]}}],"collection":[{"href":"https:\/\/jobnord.fi\/fi\/wp-json\/wp\/v2\/pages"}],"about":[{"href":"https:\/\/jobnord.fi\/fi\/wp-json\/wp\/v2\/types\/page"}],"author":[{"embeddable":true,"href":"https:\/\/jobnord.fi\/fi\/wp-json\/wp\/v2\/users\/1"}],"replies":[{"embeddable":true,"href":"https:\/\/jobnord.fi\/fi\/wp-json\/wp\/v2\/comments?post=967"}],"version-history":[{"count":452,"href":"https:\/\/jobnord.fi\/fi\/wp-json\/wp\/v2\/pages\/967\/revisions"}],"predecessor-version":[{"id":5328,"href":"https:\/\/jobnord.fi\/fi\/wp-json\/wp\/v2\/pages\/967\/revisions\/5328"}],"wp:attachment":[{"href":"https:\/\/jobnord.fi\/fi\/wp-json\/wp\/v2\/media?parent=967"}],"curies":[{"name":"wp","href":"https:\/\/api.w.org\/{rel}","templated":true}]}}